{"id":9827,"date":"2021-05-11T22:42:52","date_gmt":"2021-05-12T05:42:52","guid":{"rendered":"https:\/\/adazhoney.com\/?post_type=product&#038;p=9827"},"modified":"2021-05-11T22:42:55","modified_gmt":"2021-05-12T05:42:55","slug":"2oz-mini-plastic-bear-2","status":"publish","type":"product","link":"https:\/\/adazhoney.com\/es\/producto\/2oz-mini-plastic-bear-2\/","title":{"rendered":"2oz Mini Oso de Pl\u00e1stico"},"content":{"rendered":"<p>\u00a1Este adorable mini oso de pl\u00e1stico est\u00e1 relleno de miel cruda de flores silvestres del desierto! Adem\u00e1s, fue cosechada localmente en las \u00e1reas de Buckeye y Tonopah, AZ.<\/p>","protected":false},"excerpt":{"rendered":"<p>\u00a1Este adorable mini oso de pl\u00e1stico est\u00e1 relleno de miel cruda de flores silvestres del desierto! Adem\u00e1s, fue cosechada localmente en las \u00e1reas de Buckeye y Tonopah, AZ.<\/p>","protected":false},"featured_media":9826,"comment_status":"open","ping_status":"closed","template":"","meta":[],"product_brand":[],"product_cat":[831,1304],"product_tag":[1315,1316,1314,195,16],"class_list":{"0":"post-9827","1":"product","2":"type-product","3":"status-publish","4":"has-post-thumbnail","6":"product_cat-all-honey","7":"product_cat-raw-honey-plastic","8":"product_tag-dark-honey","9":"product_tag-honey-for-allergies","10":"product_tag-raw-honey","11":"product_tag-squeezeable","12":"product_tag-wild-flower","14":"first","15":"instock","16":"shipping-taxable","17":"purchasable","18":"product-type-simple"},"jetpack_sharing_enabled":true,"_links":{"self":[{"href":"https:\/\/adazhoney.com\/es\/wp-json\/wp\/v2\/product\/9827","targetHints":{"allow":["GET"]}}],"collection":[{"href":"https:\/\/adazhoney.com\/es\/wp-json\/wp\/v2\/product"}],"about":[{"href":"https:\/\/adazhoney.com\/es\/wp-json\/wp\/v2\/types\/product"}],"replies":[{"embeddable":true,"href":"https:\/\/adazhoney.com\/es\/wp-json\/wp\/v2\/comments?post=9827"}],"version-history":[{"count":0,"href":"https:\/\/adazhoney.com\/es\/wp-json\/wp\/v2\/product\/9827\/revisions"}],"wp:featuredmedia":[{"embeddable":true,"href":"https:\/\/adazhoney.com\/es\/wp-json\/wp\/v2\/media\/9826"}],"wp:attachment":[{"href":"https:\/\/adazhoney.com\/es\/wp-json\/wp\/v2\/media?parent=9827"}],"wp:term":[{"taxonomy":"product_brand","embeddable":true,"href":"https:\/\/adazhoney.com\/es\/wp-json\/wp\/v2\/product_brand?post=9827"},{"taxonomy":"product_cat","embeddable":true,"href":"https:\/\/adazhoney.com\/es\/wp-json\/wp\/v2\/product_cat?post=9827"},{"taxonomy":"product_tag","embeddable":true,"href":"https:\/\/adazhoney.com\/es\/wp-json\/wp\/v2\/product_tag?post=9827"}],"curies":[{"name":"wp","href":"https:\/\/api.w.org\/{rel}","templated":true}]}}