{"id":9704,"date":"2021-04-01T12:49:22","date_gmt":"2021-04-01T19:49:22","guid":{"rendered":"https:\/\/adazhoney.com\/?post_type=product&#038;p=9704"},"modified":"2026-04-15T07:07:56","modified_gmt":"2026-04-15T14:07:56","slug":"vanilla-scented-lotion","status":"publish","type":"product","link":"https:\/\/adazhoney.com\/es\/producto\/vanilla-scented-lotion\/","title":{"rendered":"Loci\u00f3n perfumada de vainilla"},"content":{"rendered":"<p>Calme e hidrate su piel seca con esta loci\u00f3n maravillosamente perfumada. Ha sido elaborada a mano por <a href=\"https:\/\/www.studio11soap.com\">Jab\u00f3n Studio 11<\/a> y contiene extracto de jalea real recolectada localmente y prop\u00f3leo de la colmena.<\/p>\n<p>&nbsp;<\/p>\n<p>Ingredientes de la loci\u00f3n : Agua desionizada, Alcohol Cet\u00edlico, Aceite de Semilla de Girasol Ecol\u00f3gico, Palmitato de Isopropilo, Estearato de Glicerilo, \u00c1cido Este\u00e1rico (de origen vegetal), Glicerina Vegetal Kosher, Miel Quat, Extracto de Prop\u00f3leo, Estearoil Glutamato de Sodio, Manteca de Karit\u00e9, Aceite de Semilla de Jojoba Ecol\u00f3gico, Extracto de Jalea Real, Acetato de Vitamina E, Zumo de Hoja de Aloe Vera Ecol\u00f3gico, Pantenol (Vitamina B12), Tocoferol, Goma Xantana, Fenoxietanol, Etilhexilglicerina, Absoluto de Vainilla, Aceites Esenciales<\/p>\n<p>Fabricado por Studio 11 Soap para su distribuci\u00f3n por Absolutely Delightful AZ Honey<\/p>","protected":false},"excerpt":{"rendered":"<p>Soothe and hydrate your dry skin with this wonderfully scented lotion! It was hand crafted by Studio 11 Soap and it contains extract from locally harvested royal jelly and propolis from the hive. &nbsp; Lotion Ingredients :\u00a0Deionized Water, Cetyl Alcohol, Organic Sunflower Seed Oil, Isopropyl Palmitate, Glyceryl Stearate, Stearic Acid (vegetable based), Kosher Vegetable Glycerin, [&hellip;]<\/p>\n","protected":false},"featured_media":12676,"comment_status":"open","ping_status":"closed","template":"","meta":[],"product_brand":[],"product_cat":[1363],"product_tag":[1370,1353,1367,1371,1368,1365],"class_list":{"0":"post-9704","1":"product","2":"type-product","3":"status-publish","4":"has-post-thumbnail","6":"product_cat-queen-bee-skincare","7":"product_tag-lotion","8":"product_tag-propolis","9":"product_tag-queen-bee","10":"product_tag-royal-jelly","11":"product_tag-scented","12":"product_tag-skincare","13":"product_shipping_class-shipping-standard","15":"first","16":"instock","17":"shipping-taxable","18":"purchasable","19":"product-type-variable","20":"has-default-attributes"},"jetpack_sharing_enabled":true,"_links":{"self":[{"href":"https:\/\/adazhoney.com\/es\/wp-json\/wp\/v2\/product\/9704","targetHints":{"allow":["GET"]}}],"collection":[{"href":"https:\/\/adazhoney.com\/es\/wp-json\/wp\/v2\/product"}],"about":[{"href":"https:\/\/adazhoney.com\/es\/wp-json\/wp\/v2\/types\/product"}],"replies":[{"embeddable":true,"href":"https:\/\/adazhoney.com\/es\/wp-json\/wp\/v2\/comments?post=9704"}],"version-history":[{"count":1,"href":"https:\/\/adazhoney.com\/es\/wp-json\/wp\/v2\/product\/9704\/revisions"}],"predecessor-version":[{"id":12680,"href":"https:\/\/adazhoney.com\/es\/wp-json\/wp\/v2\/product\/9704\/revisions\/12680"}],"wp:featuredmedia":[{"embeddable":true,"href":"https:\/\/adazhoney.com\/es\/wp-json\/wp\/v2\/media\/12676"}],"wp:attachment":[{"href":"https:\/\/adazhoney.com\/es\/wp-json\/wp\/v2\/media?parent=9704"}],"wp:term":[{"taxonomy":"product_brand","embeddable":true,"href":"https:\/\/adazhoney.com\/es\/wp-json\/wp\/v2\/product_brand?post=9704"},{"taxonomy":"product_cat","embeddable":true,"href":"https:\/\/adazhoney.com\/es\/wp-json\/wp\/v2\/product_cat?post=9704"},{"taxonomy":"product_tag","embeddable":true,"href":"https:\/\/adazhoney.com\/es\/wp-json\/wp\/v2\/product_tag?post=9704"}],"curies":[{"name":"wp","href":"https:\/\/api.w.org\/{rel}","templated":true}]}}