{"id":9689,"date":"2021-04-01T11:26:34","date_gmt":"2021-04-01T18:26:34","guid":{"rendered":"https:\/\/adazhoney.com\/?post_type=product&#038;p=9689"},"modified":"2021-04-01T11:46:53","modified_gmt":"2021-04-01T18:46:53","slug":"vanilla-scented-shea-cream","status":"publish","type":"product","link":"https:\/\/adazhoney.com\/es\/producto\/vanilla-scented-shea-cream\/","title":{"rendered":"Crema de karit\u00e9 con aroma de vainilla"},"content":{"rendered":"<p>No dejes que el aire seco de Arizona afecte a tu piel. Pruebe nuestra nueva crema de karit\u00e9 con aroma de vainilla, especialmente elaborada por <a href=\"https:\/\/www.studio11soap.com\">Jab\u00f3n Studio 11<\/a> para suavizar y calmar la piel seca. Huele de maravilla y contiene jalea real y extracto de prop\u00f3leo, por lo que est\u00e1 aprobada por las abejas reinas.<\/p>\n<p>&nbsp;<\/p>\n<p>Ingredientes: Zumo de Hoja de Aloe Ecol\u00f3gico, Manteca de Karit\u00e9 Ecol\u00f3gica, Cera E, Aceite de Semilla de Jojoba Ecol\u00f3gico, Vitamina E, Aceite de Semilla de Girasol Ecol\u00f3gico, Aceite de Semilla de Neem Ecol\u00f3gico, Miel Quat, Extracto de Prop\u00f3leo, Extracto de Jalea Real, Extracto de Hoja de Romero Ecol\u00f3gico,  Fenoxietanol, \u00c1cido Este\u00e1rico (de origen vegetal), Aceite de Onagra Ecol\u00f3gico, Extracto de Corteza de Sauce Blanco Ecol\u00f3gico, Agua de Hamamelis, Provitamina B5, Alcohol Ecol\u00f3gico, Diacetato de Glutamato Tetras\u00f3dico, Absoluto de Vainilla, Aceites Esenciales<\/p>\n<p>Crema de Karit\u00e9 Elaborada a mano por Studio 11 Soap para su distribuci\u00f3n por Absolutely Delightful AZ Honey<\/p>","protected":false},"excerpt":{"rendered":"<p>Don&#8217;t let the dry Arizona air get to your skin. Try our new vanilla scented shea cream, specially crafted by Studio 11 Soap to soften and soothe your dry skin. It smells fantastic and it contains royal jelly and propolis extract, making it queen bee approved. &nbsp; Ingredients: Organic Aloe Leaf Juice, Organic Shea Butter, [&hellip;]<\/p>\n","protected":false},"featured_media":9690,"comment_status":"open","ping_status":"closed","template":"","meta":[],"product_brand":[],"product_cat":[1363],"product_tag":[1367,1368,1366,1365,1369],"class_list":{"0":"post-9689","1":"product","2":"type-product","3":"status-publish","4":"has-post-thumbnail","6":"product_cat-queen-bee-skincare","7":"product_tag-queen-bee","8":"product_tag-scented","9":"product_tag-shea-cream","10":"product_tag-skincare","11":"product_tag-vanilla","12":"product_shipping_class-shipping-standard","14":"first","15":"instock","16":"shipping-taxable","17":"purchasable","18":"product-type-variable"},"jetpack_sharing_enabled":true,"_links":{"self":[{"href":"https:\/\/adazhoney.com\/es\/wp-json\/wp\/v2\/product\/9689","targetHints":{"allow":["GET"]}}],"collection":[{"href":"https:\/\/adazhoney.com\/es\/wp-json\/wp\/v2\/product"}],"about":[{"href":"https:\/\/adazhoney.com\/es\/wp-json\/wp\/v2\/types\/product"}],"replies":[{"embeddable":true,"href":"https:\/\/adazhoney.com\/es\/wp-json\/wp\/v2\/comments?post=9689"}],"version-history":[{"count":0,"href":"https:\/\/adazhoney.com\/es\/wp-json\/wp\/v2\/product\/9689\/revisions"}],"wp:featuredmedia":[{"embeddable":true,"href":"https:\/\/adazhoney.com\/es\/wp-json\/wp\/v2\/media\/9690"}],"wp:attachment":[{"href":"https:\/\/adazhoney.com\/es\/wp-json\/wp\/v2\/media?parent=9689"}],"wp:term":[{"taxonomy":"product_brand","embeddable":true,"href":"https:\/\/adazhoney.com\/es\/wp-json\/wp\/v2\/product_brand?post=9689"},{"taxonomy":"product_cat","embeddable":true,"href":"https:\/\/adazhoney.com\/es\/wp-json\/wp\/v2\/product_cat?post=9689"},{"taxonomy":"product_tag","embeddable":true,"href":"https:\/\/adazhoney.com\/es\/wp-json\/wp\/v2\/product_tag?post=9689"}],"curies":[{"name":"wp","href":"https:\/\/api.w.org\/{rel}","templated":true}]}}