{"id":9388,"date":"2021-01-21T14:38:44","date_gmt":"2021-01-21T21:38:44","guid":{"rendered":"https:\/\/adazhoney.com\/?post_type=product&#038;p=9388"},"modified":"2023-07-15T08:26:49","modified_gmt":"2023-07-15T15:26:49","slug":"desert-flower","status":"publish","type":"product","link":"https:\/\/adazhoney.com\/es\/producto\/desert-flower\/","title":{"rendered":"Miel de flores del desierto"},"content":{"rendered":"<p>La miel de flores del desierto es una miel de flores silvestres recolectada en los alrededores de la Monta\u00f1a del Sur. Est\u00e1 cristalizada (espesada) y presenta una ligera coloraci\u00f3n dorada anaranjada.<\/p>","protected":false},"excerpt":{"rendered":"<p>La miel de flores del desierto es una miel de flores silvestres recolectada en los alrededores de la Monta\u00f1a del Sur. Est\u00e1 cristalizada (espesada) y presenta una ligera coloraci\u00f3n dorada anaranjada.<\/p>","protected":false},"featured_media":9393,"comment_status":"open","ping_status":"closed","template":"","meta":[],"product_brand":[],"product_cat":[831,1303],"product_tag":[1333,1314,16],"class_list":{"0":"post-9388","1":"product","2":"type-product","3":"status-publish","4":"has-post-thumbnail","6":"product_cat-all-honey","7":"product_cat-raw-honey","8":"product_tag-crystallized","9":"product_tag-raw-honey","10":"product_tag-wild-flower","11":"product_shipping_class-shipping-standard","13":"first","14":"outofstock","15":"shipping-taxable","16":"product-type-variable"},"jetpack_sharing_enabled":true,"_links":{"self":[{"href":"https:\/\/adazhoney.com\/es\/wp-json\/wp\/v2\/product\/9388","targetHints":{"allow":["GET"]}}],"collection":[{"href":"https:\/\/adazhoney.com\/es\/wp-json\/wp\/v2\/product"}],"about":[{"href":"https:\/\/adazhoney.com\/es\/wp-json\/wp\/v2\/types\/product"}],"replies":[{"embeddable":true,"href":"https:\/\/adazhoney.com\/es\/wp-json\/wp\/v2\/comments?post=9388"}],"version-history":[{"count":1,"href":"https:\/\/adazhoney.com\/es\/wp-json\/wp\/v2\/product\/9388\/revisions"}],"predecessor-version":[{"id":11697,"href":"https:\/\/adazhoney.com\/es\/wp-json\/wp\/v2\/product\/9388\/revisions\/11697"}],"wp:featuredmedia":[{"embeddable":true,"href":"https:\/\/adazhoney.com\/es\/wp-json\/wp\/v2\/media\/9393"}],"wp:attachment":[{"href":"https:\/\/adazhoney.com\/es\/wp-json\/wp\/v2\/media?parent=9388"}],"wp:term":[{"taxonomy":"product_brand","embeddable":true,"href":"https:\/\/adazhoney.com\/es\/wp-json\/wp\/v2\/product_brand?post=9388"},{"taxonomy":"product_cat","embeddable":true,"href":"https:\/\/adazhoney.com\/es\/wp-json\/wp\/v2\/product_cat?post=9388"},{"taxonomy":"product_tag","embeddable":true,"href":"https:\/\/adazhoney.com\/es\/wp-json\/wp\/v2\/product_tag?post=9388"}],"curies":[{"name":"wp","href":"https:\/\/api.w.org\/{rel}","templated":true}]}}