{"id":9249,"date":"2021-01-07T17:14:06","date_gmt":"2021-01-08T00:14:06","guid":{"rendered":"https:\/\/adazhoney.com\/?post_type=product&#038;p=9249"},"modified":"2026-02-23T13:56:36","modified_gmt":"2026-02-23T20:56:36","slug":"camelthorn-honey","status":"publish","type":"product","link":"https:\/\/adazhoney.com\/es\/producto\/camelthorn-honey\/","title":{"rendered":"Miel de espino blanco"},"content":{"rendered":"<p>Si es la primera vez que compra en Absolutely Delightful, es posible que a\u00fan no conozca la miel de espino amarillo. Es una de nuestras favoritas. Si puede ver m\u00e1s all\u00e1 del nombre aparentemente extra\u00f1o de esta miel, en realidad es bastante agradable y deliciosa.<\/p>\n<p>Identificamos el Camelthorn por su sabor excepcionalmente suave y delicado. Muchos de nuestros clientes la disfrutan como miel de invierno, aunque algunos la compran a granel para disfrutarla todo el a\u00f1o. El Camelthorn es dulce, y se puede utilizar muy bien en un t\u00e9 o bebida caliente como alternativa a los az\u00facares de ca\u00f1a o a los edulcorantes artificiales. La consistencia del sabor de esta miel es muy parecida a la de un glaseado untable. S\u00f3lo la conservamos en un tarro de cristal, debido a su consistencia espesa. De este modo se aprovecha al m\u00e1ximo la miel, ya que el tarro puede calentarse m\u00e1s f\u00e1cilmente para licuarla.<\/p>\n<p>Esta miel es bastante opuesta a nuestra otra miel popular: Desert Wild Flower de Buckeye y Tonopah Arizona.<\/p>\n<h2><\/h2>\n<h2>Or\u00edgenes del camelthorn<\/h2>\n<p>Le hemos dado el nombre de la planta de la que se alimentan las abejas para producirlo: Camelthorn. (El nombre biol\u00f3gico de la planta de la que las abejas recogen el n\u00e9ctar se llama en realidad <a href=\"https:\/\/en.wikipedia.org\/wiki\/Alhagi_maurorum\"><i>Alhagi maurorum.<\/i><\/a>) El camelthorn es considerado por los expertos agr\u00edcolas como una especie invasora. Sin embargo, el n\u00e9ctar que sale de la flor de esta planta es realmente maravilloso. Al fin y al cabo, produce una miel muy codiciada.<\/p>\n<p>Los apicultores de Mountain Top Honey Co. cosechan Camelthorn en Winslow, Arizona, durante las estaciones de oto\u00f1o e invierno de cada a\u00f1o. Los clientes que disfrutan de la miel espesa tambi\u00e9n pueden disfrutar de nuestras otras variedades cristalizadas. Desert Flower, Flagstaff Desert Wild Flower y nuestra Whipped Honey tienen todas un color similar. Es posible que se extienda m\u00e1s f\u00e1cilmente que nuestra Desert Wild Flower de Flagstaff.<\/p>\n<p>&nbsp;<\/p>","protected":false},"excerpt":{"rendered":"<p>Si es la primera vez que compra en Absolutely Delightful, es posible que a\u00fan no conozca la miel de espino amarillo. Es una de nuestras favoritas. Si puede ver m\u00e1s all\u00e1 del nombre aparentemente extra\u00f1o de esta miel, en realidad es bastante agradable y deliciosa.<\/p>\n<p>Identificamos el Camelthorn por su sabor excepcionalmente suave y delicado. Muchos de nuestros clientes la disfrutan como miel de invierno, aunque algunos la compran a granel para disfrutarla todo el a\u00f1o. El Camelthorn es dulce, y se puede utilizar muy bien en un t\u00e9 o bebida caliente como alternativa a los az\u00facares de ca\u00f1a o a los edulcorantes artificiales. La consistencia del sabor de esta miel es muy parecida a la de un glaseado untable. S\u00f3lo la conservamos en un tarro de cristal, debido a su consistencia espesa. De este modo se aprovecha al m\u00e1ximo la miel, ya que el tarro puede calentarse m\u00e1s f\u00e1cilmente para licuarla.<\/p>\n<p><span style=\"text-decoration: underline\"><strong>*Nota: Los tarros de medio gal\u00f3n y de un gal\u00f3n se pueden comprar para recoger; sin embargo, no podemos enviar estos tama\u00f1os a trav\u00e9s de un servicio de mensajer\u00eda o de paqueter\u00eda.<\/strong><\/span><\/p>","protected":false},"featured_media":9319,"comment_status":"open","ping_status":"closed","template":"","meta":[],"product_brand":[],"product_cat":[831,1211,1303],"product_tag":[1323,1321,1314,1322],"class_list":{"0":"post-9249","1":"product","2":"type-product","3":"status-publish","4":"has-post-thumbnail","6":"product_cat-all-honey","7":"product_cat-farmers-market-pickup-only","8":"product_cat-raw-honey","9":"product_tag-creamy-texture","10":"product_tag-crystalized","11":"product_tag-raw-honey","12":"product_tag-unique-finds","13":"product_shipping_class-shipping-standard","15":"first","16":"instock","17":"shipping-taxable","18":"purchasable","19":"product-type-variable","20":"has-default-attributes"},"jetpack_sharing_enabled":true,"_links":{"self":[{"href":"https:\/\/adazhoney.com\/es\/wp-json\/wp\/v2\/product\/9249","targetHints":{"allow":["GET"]}}],"collection":[{"href":"https:\/\/adazhoney.com\/es\/wp-json\/wp\/v2\/product"}],"about":[{"href":"https:\/\/adazhoney.com\/es\/wp-json\/wp\/v2\/types\/product"}],"replies":[{"embeddable":true,"href":"https:\/\/adazhoney.com\/es\/wp-json\/wp\/v2\/comments?post=9249"}],"version-history":[{"count":6,"href":"https:\/\/adazhoney.com\/es\/wp-json\/wp\/v2\/product\/9249\/revisions"}],"predecessor-version":[{"id":14588,"href":"https:\/\/adazhoney.com\/es\/wp-json\/wp\/v2\/product\/9249\/revisions\/14588"}],"wp:featuredmedia":[{"embeddable":true,"href":"https:\/\/adazhoney.com\/es\/wp-json\/wp\/v2\/media\/9319"}],"wp:attachment":[{"href":"https:\/\/adazhoney.com\/es\/wp-json\/wp\/v2\/media?parent=9249"}],"wp:term":[{"taxonomy":"product_brand","embeddable":true,"href":"https:\/\/adazhoney.com\/es\/wp-json\/wp\/v2\/product_brand?post=9249"},{"taxonomy":"product_cat","embeddable":true,"href":"https:\/\/adazhoney.com\/es\/wp-json\/wp\/v2\/product_cat?post=9249"},{"taxonomy":"product_tag","embeddable":true,"href":"https:\/\/adazhoney.com\/es\/wp-json\/wp\/v2\/product_tag?post=9249"}],"curies":[{"name":"wp","href":"https:\/\/api.w.org\/{rel}","templated":true}]}}