{"id":9237,"date":"2021-01-07T16:42:46","date_gmt":"2021-01-07T23:42:46","guid":{"rendered":"https:\/\/adazhoney.com\/?post_type=product&#038;p=9237"},"modified":"2026-04-14T12:38:50","modified_gmt":"2026-04-14T19:38:50","slug":"mesquite-honey","status":"publish","type":"product","link":"https:\/\/adazhoney.com\/es\/producto\/mesquite-honey\/","title":{"rendered":"Miel de Mesquite"},"content":{"rendered":"<p>Si ha comprado miel de Arizona antes, es probable que al menos haya probado un poco de miel de mezquite. La miel de mezquite es una miel com\u00fan de Arizona. Es un cl\u00e1sico de Arizona. Se podr\u00eda pensar que esta miel tiene un sabor a mezquite ahumado, pero no es as\u00ed. Cuando la pruebes, te dar\u00e1s cuenta de que el sabor de la miel no tiene nada que ver con el de la mezquite de la barbacoa.<\/p>\n<p>Dependiendo de la estaci\u00f3n, puede estar cristalizada (tener una consistencia espesa), en proceso de cristalizaci\u00f3n o l\u00edquida. Si le gusta la textura granulada de la miel, la de mezquite es una buena elecci\u00f3n. Tiene un sabor suave y dulce con una gran variedad de colores y consistencias. Esta variedad de miel suele estar influenciada por las plantas que florecen en las cercan\u00edas en el momento de la recolecci\u00f3n. Pruebe a utilizar esta miel para elaborar <a href=\"https:\/\/adazhoney.com\/es\/5-salad-dressings-made-with-honey\/\" target=\"_blank\" rel=\"noopener\">ali\u00f1os caseros para ensaladas<\/a>para glasear carnes, o en verduras asadas al horno.<\/p>\n<p>Varios de nuestros apicultores cosechan esta miel cuando las flores florecen en primavera y verano. Nuestra miel de Mesquite variar\u00e1 en funci\u00f3n de <em>donde<\/em> la miel se recolecta y <em>cuando<\/em> se cosech\u00f3. Hemos bautizado la miel con el nombre del <a href=\"https:\/\/en.wikipedia.org\/wiki\/Prosopis_velutina\">planta primaria<\/a> de donde las abejas obtienen el n\u00e9ctar cuando los apicultores cosechan la miel. A menudo disponemos de miel de mezquite durante todo el a\u00f1o.<\/p>\n<p>&nbsp;<\/p>","protected":false},"excerpt":{"rendered":"<p>La miel de mezquite es una miel com\u00fan de Arizona. Es un cl\u00e1sico de Arizona. Se podr\u00eda pensar que esta miel tiene un sabor a mezquite ahumado, pero no es as\u00ed. Cuando la pruebe, se dar\u00e1 cuenta de que el sabor de la miel no tiene nada que ver con el de la mezquite de la barbacoa.<\/p>\n<p>Dependiendo de la estaci\u00f3n, puede estar cristalizada (tener una consistencia espesa), en proceso de cristalizaci\u00f3n o l\u00edquida. Si le gusta la textura granulada de la miel, el mezquite es una buena elecci\u00f3n. Hemos bautizado la miel con el nombre del <a href=\"https:\/\/en.wikipedia.org\/wiki\/Prosopis_velutina\">planta primaria<\/a> de donde las abejas obtienen el n\u00e9ctar cuando los apicultores cosechan la miel. A menudo disponemos de miel de mezquite durante todo el a\u00f1o.<\/p>\n<p><span style=\"text-decoration: underline;\"><strong>*Nota: Los tarros de medio gal\u00f3n y de un gal\u00f3n se pueden comprar para recoger; sin embargo, no podemos enviar estos tama\u00f1os a trav\u00e9s de un servicio de mensajer\u00eda o de paqueter\u00eda.<\/strong><\/span><\/p>","protected":false},"featured_media":12125,"comment_status":"open","ping_status":"closed","template":"","meta":[],"product_brand":[],"product_cat":[831,1211,1303],"product_tag":[1321,1320,1314],"class_list":{"0":"post-9237","1":"product","2":"type-product","3":"status-publish","4":"has-post-thumbnail","6":"product_cat-all-honey","7":"product_cat-farmers-market-pickup-only","8":"product_cat-raw-honey","9":"product_tag-crystalized","10":"product_tag-mild-honey","11":"product_tag-raw-honey","12":"product_shipping_class-shipping-standard","14":"first","15":"instock","16":"shipping-taxable","17":"purchasable","18":"product-type-variable","19":"has-default-attributes"},"jetpack_sharing_enabled":true,"_links":{"self":[{"href":"https:\/\/adazhoney.com\/es\/wp-json\/wp\/v2\/product\/9237","targetHints":{"allow":["GET"]}}],"collection":[{"href":"https:\/\/adazhoney.com\/es\/wp-json\/wp\/v2\/product"}],"about":[{"href":"https:\/\/adazhoney.com\/es\/wp-json\/wp\/v2\/types\/product"}],"replies":[{"embeddable":true,"href":"https:\/\/adazhoney.com\/es\/wp-json\/wp\/v2\/comments?post=9237"}],"version-history":[{"count":5,"href":"https:\/\/adazhoney.com\/es\/wp-json\/wp\/v2\/product\/9237\/revisions"}],"predecessor-version":[{"id":14570,"href":"https:\/\/adazhoney.com\/es\/wp-json\/wp\/v2\/product\/9237\/revisions\/14570"}],"wp:featuredmedia":[{"embeddable":true,"href":"https:\/\/adazhoney.com\/es\/wp-json\/wp\/v2\/media\/12125"}],"wp:attachment":[{"href":"https:\/\/adazhoney.com\/es\/wp-json\/wp\/v2\/media?parent=9237"}],"wp:term":[{"taxonomy":"product_brand","embeddable":true,"href":"https:\/\/adazhoney.com\/es\/wp-json\/wp\/v2\/product_brand?post=9237"},{"taxonomy":"product_cat","embeddable":true,"href":"https:\/\/adazhoney.com\/es\/wp-json\/wp\/v2\/product_cat?post=9237"},{"taxonomy":"product_tag","embeddable":true,"href":"https:\/\/adazhoney.com\/es\/wp-json\/wp\/v2\/product_tag?post=9237"}],"curies":[{"name":"wp","href":"https:\/\/api.w.org\/{rel}","templated":true}]}}