{"id":9225,"date":"2021-01-07T16:25:07","date_gmt":"2021-01-07T23:25:07","guid":{"rendered":"https:\/\/adazhoney.com\/?post_type=product&#038;p=9225"},"modified":"2025-01-31T16:14:24","modified_gmt":"2025-01-31T23:14:24","slug":"orange-blossom","status":"publish","type":"product","link":"https:\/\/adazhoney.com\/es\/producto\/orange-blossom\/","title":{"rendered":"Miel de Azahar"},"content":{"rendered":"<p>La miel de azahar se cosecha en Mesa, Arizona. Hemos bautizado esta miel con el nombre de los naranjos que las abejas polinizan mientras cosechan esta miel. Normalmente, nuestra miel de azahar est\u00e1 disponible durante la temporada de verano. No siempre disponemos de azahar durante todo el a\u00f1o. Esta miel es una cosecha estacional, y su disponibilidad depende de la cantidad que haya cosechado el apicultor.<\/p>\n<p>A menudo, esta miel tiene una coloraci\u00f3n anaranjada o amarillo-dorada con un sabor dulce y floral. Justo despu\u00e9s de la cosecha, en primavera y verano, esta miel suele tener una consistencia l\u00edquida, y a menudo se cristaliza en invierno. Es una de las mieles m\u00e1s <a href=\"https:\/\/www.thespruceeats.com\/various-honey-flavors-2217015\" target=\"_blank\" rel=\"noopener\">tipos de miel populares en EE.UU.<\/a> y es reconocida por muchos de nuestros clientes. Y, a menudo ver\u00e1 miel de azahar en su cadena de supermercados.<\/p>\n<p>Si le gusta la miel dulce y floral, esta variedad es una excelente elecci\u00f3n. Pruebe esta miel como edulcorante para infusiones verdes, de hierbas y de frutas. Tambi\u00e9n es una deliciosa adici\u00f3n a las limonadas y rociada sobre productos horneados. Pru\u00e9bela con <a href=\"https:\/\/adazhoney.com\/es\/5-salad-dressings-made-with-honey\/\" target=\"_blank\" rel=\"noopener\">una de estas recetas de ali\u00f1o para ensaladas<\/a>!<\/p>\n<p>&nbsp;<\/p>","protected":false},"excerpt":{"rendered":"<p>La miel de azahar se cosecha en Mesa, Arizona. Hemos bautizado esta miel con el nombre de los naranjos que las abejas polinizan mientras cosechan esta miel. Normalmente, nuestra miel de azahar est\u00e1 disponible durante la temporada de verano. No siempre disponemos de miel de azahar durante todo el a\u00f1o.<\/p>\n<p>A menudo, esta miel tiene una coloraci\u00f3n anaranjada o amarillo-dorada con un sabor dulce y floral. Justo despu\u00e9s de la cosecha, en primavera y verano, esta miel suele tener una consistencia l\u00edquida, y a menudo se cristaliza en invierno. Es una de las mieles m\u00e1s <a href=\"https:\/\/www.thespruceeats.com\/various-honey-flavors-2217015\" target=\"_blank\" rel=\"noopener\">tipos de miel populares en EE.UU.<\/a> y es reconocido por muchos de nuestros clientes.<\/p>\n<p>Si le gusta la miel dulce y floral, pruebe esta variedad.<\/p>\n<p><span style=\"text-decoration: underline;\"><strong>*Nota: Los tarros de medio gal\u00f3n y de un gal\u00f3n se pueden comprar para recoger; sin embargo, no podemos enviar estos tama\u00f1os a trav\u00e9s de un servicio de mensajer\u00eda o de paqueter\u00eda.<\/strong><\/span><\/p>","protected":false},"featured_media":9333,"comment_status":"open","ping_status":"closed","template":"","meta":[],"product_brand":[],"product_cat":[831,1211,1303],"product_tag":[1318,1317,1330,1319,1314],"class_list":{"0":"post-9225","1":"product","2":"type-product","3":"status-publish","4":"has-post-thumbnail","6":"product_cat-all-honey","7":"product_cat-farmers-market-pickup-only","8":"product_cat-raw-honey","9":"product_tag-citrus-honey","10":"product_tag-floral-honey","11":"product_tag-liquid","12":"product_tag-orange-honey","13":"product_tag-raw-honey","14":"product_shipping_class-shipping-standard","16":"first","17":"outofstock","18":"shipping-taxable","19":"product-type-variable","20":"has-default-attributes"},"jetpack_sharing_enabled":true,"_links":{"self":[{"href":"https:\/\/adazhoney.com\/es\/wp-json\/wp\/v2\/product\/9225","targetHints":{"allow":["GET"]}}],"collection":[{"href":"https:\/\/adazhoney.com\/es\/wp-json\/wp\/v2\/product"}],"about":[{"href":"https:\/\/adazhoney.com\/es\/wp-json\/wp\/v2\/types\/product"}],"replies":[{"embeddable":true,"href":"https:\/\/adazhoney.com\/es\/wp-json\/wp\/v2\/comments?post=9225"}],"version-history":[{"count":7,"href":"https:\/\/adazhoney.com\/es\/wp-json\/wp\/v2\/product\/9225\/revisions"}],"predecessor-version":[{"id":14141,"href":"https:\/\/adazhoney.com\/es\/wp-json\/wp\/v2\/product\/9225\/revisions\/14141"}],"wp:featuredmedia":[{"embeddable":true,"href":"https:\/\/adazhoney.com\/es\/wp-json\/wp\/v2\/media\/9333"}],"wp:attachment":[{"href":"https:\/\/adazhoney.com\/es\/wp-json\/wp\/v2\/media?parent=9225"}],"wp:term":[{"taxonomy":"product_brand","embeddable":true,"href":"https:\/\/adazhoney.com\/es\/wp-json\/wp\/v2\/product_brand?post=9225"},{"taxonomy":"product_cat","embeddable":true,"href":"https:\/\/adazhoney.com\/es\/wp-json\/wp\/v2\/product_cat?post=9225"},{"taxonomy":"product_tag","embeddable":true,"href":"https:\/\/adazhoney.com\/es\/wp-json\/wp\/v2\/product_tag?post=9225"}],"curies":[{"name":"wp","href":"https:\/\/api.w.org\/{rel}","templated":true}]}}