{"id":9212,"date":"2021-01-07T15:49:30","date_gmt":"2021-01-07T22:49:30","guid":{"rendered":"https:\/\/adazhoney.com\/?post_type=product&#038;p=9212"},"modified":"2026-05-03T04:38:10","modified_gmt":"2026-05-03T11:38:10","slug":"desert-wild-flower-raw-honey","status":"publish","type":"product","link":"https:\/\/adazhoney.com\/es\/producto\/desert-wild-flower-raw-honey\/","title":{"rendered":"Desert Wildflower Raw Honey &#8211; Arizona Honey"},"content":{"rendered":"<p>Desert Wildflower honey is harvested from beehives located between Buckeye, Arizona. It is generally available all year long. Its consistency will range from very liquid to a thick texture . If you are looking for a honey to help you with your allergies, then this is likely what we would recommend to you if you live in the Phoenix Area.<\/p>\n<p>Con diferencia, esta miel es nuestra elecci\u00f3n m\u00e1s popular para prevenir las alergias estacionales. Muchos clientes nos han dicho que esta miel les ha ayudado durante la temporada de alergias. Y es una miel excelente. <a href=\"https:\/\/adazhoney.com\/es\/seasonal-allergies\/\" target=\"_blank\" rel=\"noopener\">A menudo recomendamos<\/a> our wildflower honey varietals to customers who are seeking a remedy for seasonal allergies to blossoming plant life.<\/p>\n<p>Why is that? Well, the idea of taking honey for allergies is to boost your immune system to the pollen that is in the air. Now, you might not know exactly which plant that is in bloom is triggering your allergies. This is why a wildflower honey is a great choice. Since a wildflower honey provides a wide array of pollen as opposed to an <a href=\"https:\/\/adazhoney.com\/es\/producto\/orange-blossom\/\">azahar<\/a> o miel de alfalfa.<\/p>\n<p>Desert wildflower honey has a medium-dark color with a rich flavor. However, during some seasons, the desert wildflower may <a href=\"https:\/\/dowgardens.org\/honey-crystallization-why-does-it-happen-and-how-to-use-it-anyway\/\" target=\"_blank\" rel=\"noopener\">cristalizar<\/a>. Esto har\u00e1 que tenga un color m\u00e1s claro y una textura m\u00e1s espesa. Se trata de un proceso natural de la miel cruda y es un signo de calidad. La cristalizaci\u00f3n suele ser un buen indicio de que la miel no ha sido alterada artificialmente.<\/p>\n<p>&nbsp;<\/p>","protected":false},"excerpt":{"rendered":"<p>Our popular Desert Wildflower Honey is harvested in Buckeye. It is generally available all year long. By far, this honey is our most popular choice for preventing seasonal allergies.<\/p>\n<p><a href=\"https:\/\/adazhoney.com\/es\/seasonal-allergies\/\" target=\"_blank\" rel=\"noopener\">A menudo recomendamos<\/a> our wildflowers honey varietals to customers who are seeking a remedy for seasonal allergies to blossoming plant life. Why is that? Well, the idea of taking honey for allergies is to build your immune system to the pollen that is in the air that has you sneezing and wheezing. If you don&#8217;t know exactly which plant that is in bloom is triggering your allergies, a wildflower honey provides a wide array of pollen as opposed to an <a href=\"https:\/\/adazhoney.com\/es\/producto\/orange-blossom\/\">azahar<\/a> o miel de alfalfa.<\/p>\n<p>During some seasons, the desert wildflower may <a href=\"https:\/\/dowgardens.org\/honey-crystallization-why-does-it-happen-and-how-to-use-it-anyway\/\" target=\"_blank\" rel=\"noopener\">cristalizar<\/a>. Esto har\u00e1 que la miel tenga un color m\u00e1s claro y una textura m\u00e1s espesa.<\/p>\n<p><span style=\"text-decoration: underline;\"><strong>*Nota: Los tarros de medio gal\u00f3n y de un gal\u00f3n se pueden comprar para recoger; sin embargo, no podemos enviar estos tama\u00f1os a trav\u00e9s de un servicio de mensajer\u00eda o de paqueter\u00eda.<\/strong><\/span><\/p>","protected":false},"featured_media":14087,"comment_status":"open","ping_status":"closed","template":"","meta":[],"product_brand":[],"product_cat":[831,1211,1303],"product_tag":[1315,1316,1314],"class_list":{"0":"post-9212","1":"product","2":"type-product","3":"status-publish","4":"has-post-thumbnail","6":"product_cat-all-honey","7":"product_cat-farmers-market-pickup-only","8":"product_cat-raw-honey","9":"product_tag-dark-honey","10":"product_tag-honey-for-allergies","11":"product_tag-raw-honey","12":"product_shipping_class-shipping-standard","14":"first","15":"instock","16":"shipping-taxable","17":"purchasable","18":"product-type-variable","19":"has-default-attributes"},"jetpack_sharing_enabled":true,"_links":{"self":[{"href":"https:\/\/adazhoney.com\/es\/wp-json\/wp\/v2\/product\/9212","targetHints":{"allow":["GET"]}}],"collection":[{"href":"https:\/\/adazhoney.com\/es\/wp-json\/wp\/v2\/product"}],"about":[{"href":"https:\/\/adazhoney.com\/es\/wp-json\/wp\/v2\/types\/product"}],"replies":[{"embeddable":true,"href":"https:\/\/adazhoney.com\/es\/wp-json\/wp\/v2\/comments?post=9212"}],"version-history":[{"count":12,"href":"https:\/\/adazhoney.com\/es\/wp-json\/wp\/v2\/product\/9212\/revisions"}],"predecessor-version":[{"id":15267,"href":"https:\/\/adazhoney.com\/es\/wp-json\/wp\/v2\/product\/9212\/revisions\/15267"}],"wp:featuredmedia":[{"embeddable":true,"href":"https:\/\/adazhoney.com\/es\/wp-json\/wp\/v2\/media\/14087"}],"wp:attachment":[{"href":"https:\/\/adazhoney.com\/es\/wp-json\/wp\/v2\/media?parent=9212"}],"wp:term":[{"taxonomy":"product_brand","embeddable":true,"href":"https:\/\/adazhoney.com\/es\/wp-json\/wp\/v2\/product_brand?post=9212"},{"taxonomy":"product_cat","embeddable":true,"href":"https:\/\/adazhoney.com\/es\/wp-json\/wp\/v2\/product_cat?post=9212"},{"taxonomy":"product_tag","embeddable":true,"href":"https:\/\/adazhoney.com\/es\/wp-json\/wp\/v2\/product_tag?post=9212"}],"curies":[{"name":"wp","href":"https:\/\/api.w.org\/{rel}","templated":true}]}}