{"id":14260,"date":"2025-03-08T10:46:55","date_gmt":"2025-03-08T17:46:55","guid":{"rendered":"https:\/\/adazhoney.com\/?post_type=product&#038;p=14260"},"modified":"2026-04-23T02:21:27","modified_gmt":"2026-04-23T09:21:27","slug":"mead-making-class","status":"publish","type":"product","link":"https:\/\/adazhoney.com\/es\/producto\/mead-making-class\/","title":{"rendered":"Clase de elaboraci\u00f3n de hidromiel"},"content":{"rendered":"<p>\u00bfQuieres aprender a hacer hidromiel? Esta es la \u00e9poca del a\u00f1o para empezar, \u00a1antes de que llegue el calor! Absolutely Delightful se complace en anunciar que impartiremos clases de elaboraci\u00f3n de hidromiel, en colaboraci\u00f3n con nuestros amigos de Scale and Feather Meadery. Las clases est\u00e1n estructuradas en dos noches diferentes. La primera noche se centrar\u00e1 en los fundamentos de la elaboraci\u00f3n del hidromiel y en c\u00f3mo empezar. La segunda noche se centrar\u00e1 en las t\u00e9cnicas avanzadas que se basan en las lecciones aprendidas en la primera noche. <span style=\"text-decoration: underline;\">S\u00f3lo quedan 10 entradas disponibles.<\/span><\/p>\n<p>La compra de esta entrada le dar\u00e1 acceso a ambas clases y noches. Las fechas de las pr\u00f3ximas clases de hidromiel son:<\/p>\n<ul>\n<li><del>Noche 1 - Introducci\u00f3n a la elaboraci\u00f3n de hidromiel: <strong>Jueves 27 de marzo a las 18:00\u00a0<\/strong><\/del><\/li>\n<li>Noche 2 - Desarrollo de los fundamentos: <strong>Jueves 24 de abril a las 18:00<\/strong><\/li>\n<\/ul>\n<p>Nos encantar\u00eda que se uniera a nosotros.<\/p>\n<p><em>*Nota: la compra de esta entrada no incluye nuestros kits de iniciaci\u00f3n a la elaboraci\u00f3n de hidromiel. Si lo desea, puede traer sus propios materiales, o bien podr\u00e1 adquirir los kits de inicio durante las clases por $85. Si necesita materiales individuales para su kit, puede adquirirlos en WhatAile'sYa, en Bell Road.<\/em><\/p>\n<p>&nbsp;<\/p>\n<p>&nbsp;<\/p>","protected":false},"excerpt":{"rendered":"<p>La compra de esta entrada le dar\u00e1 acceso a ambas clases y noches. Las fechas de las pr\u00f3ximas clases de hidromiel son:<\/p>\n<ul>\n<li><del>Noche 1 - Introducci\u00f3n a la elaboraci\u00f3n de hidromiel: <strong>Jueves 27 de marzo a las 18:00\u00a0<\/strong><\/del><\/li>\n<li>Noche 2 - Desarrollo de los fundamentos: <strong>Jueves 24 de abril a las 18:00<\/strong><\/li>\n<\/ul>\n<p>M\u00e1s informaci\u00f3n en la descripci\u00f3n del producto.<\/p>","protected":false},"featured_media":13069,"comment_status":"open","ping_status":"closed","template":"","meta":[],"product_brand":[],"product_cat":[1414],"product_tag":[],"class_list":{"0":"post-14260","1":"product","2":"type-product","3":"status-publish","4":"has-post-thumbnail","6":"product_cat-event-registration","8":"first","9":"outofstock","10":"virtual","11":"purchasable","12":"product-type-simple"},"jetpack_sharing_enabled":true,"_links":{"self":[{"href":"https:\/\/adazhoney.com\/es\/wp-json\/wp\/v2\/product\/14260","targetHints":{"allow":["GET"]}}],"collection":[{"href":"https:\/\/adazhoney.com\/es\/wp-json\/wp\/v2\/product"}],"about":[{"href":"https:\/\/adazhoney.com\/es\/wp-json\/wp\/v2\/types\/product"}],"replies":[{"embeddable":true,"href":"https:\/\/adazhoney.com\/es\/wp-json\/wp\/v2\/comments?post=14260"}],"version-history":[{"count":3,"href":"https:\/\/adazhoney.com\/es\/wp-json\/wp\/v2\/product\/14260\/revisions"}],"predecessor-version":[{"id":14309,"href":"https:\/\/adazhoney.com\/es\/wp-json\/wp\/v2\/product\/14260\/revisions\/14309"}],"wp:featuredmedia":[{"embeddable":true,"href":"https:\/\/adazhoney.com\/es\/wp-json\/wp\/v2\/media\/13069"}],"wp:attachment":[{"href":"https:\/\/adazhoney.com\/es\/wp-json\/wp\/v2\/media?parent=14260"}],"wp:term":[{"taxonomy":"product_brand","embeddable":true,"href":"https:\/\/adazhoney.com\/es\/wp-json\/wp\/v2\/product_brand?post=14260"},{"taxonomy":"product_cat","embeddable":true,"href":"https:\/\/adazhoney.com\/es\/wp-json\/wp\/v2\/product_cat?post=14260"},{"taxonomy":"product_tag","embeddable":true,"href":"https:\/\/adazhoney.com\/es\/wp-json\/wp\/v2\/product_tag?post=14260"}],"curies":[{"name":"wp","href":"https:\/\/api.w.org\/{rel}","templated":true}]}}