{"id":14011,"date":"2025-01-04T09:51:58","date_gmt":"2025-01-04T16:51:58","guid":{"rendered":"https:\/\/adazhoney.com\/?post_type=product&#038;p=14011"},"modified":"2026-04-30T15:31:42","modified_gmt":"2026-04-30T22:31:42","slug":"high-desert-honey","status":"publish","type":"product","link":"https:\/\/adazhoney.com\/es\/producto\/high-desert-honey\/","title":{"rendered":"New Mexico High Desert Honey &#8211; SAVE 20%"},"content":{"rendered":"<p>\u00a1Pruebe una de las mieles de Nuevo M\u00e9xico de Absolutely Delightful! Nuestra miel del alto desierto es miel cruda cosechada de flores de salvia p\u00farpura en Nuevo M\u00e9xico.<\/p>\n<p>**This honey has naturally crystallized, which is a normal process in raw honey and a sign of purity. Texture may be thick, creamy, or grainy, but the flavor and quality remain delicious.<\/p>\n\n    <div class=\"xs_social_share_widget xs_share_url after_content \t\tmain_content  wslu-style-1 wslu-share-box-shaped wslu-fill-colored wslu-none wslu-share-horizontal wslu-theme-font-no wslu-main_content\">\n\n\t\t\n        <ul>\n\t\t\t        <\/ul>\n    <\/div>","protected":false},"excerpt":{"rendered":"<p>Our high desert honey is raw honey harvested from purple sage blossoms in New Mexico.<\/p>\n<p>**This honey has naturally crystallized, which is a normal process in raw honey and a sign of purity. Texture may be thick, creamy, or grainy, but the flavor and quality remain delicious.<\/p>","protected":false},"featured_media":14018,"comment_status":"open","ping_status":"closed","template":"","meta":{"postBodyCss":"","postBodyMargin":[],"postBodyPadding":[],"postBodyBackground":{"backgroundType":"classic","gradient":""}},"product_brand":[],"product_cat":[831,1419,1303,1427],"product_tag":[1314],"class_list":{"0":"post-14011","1":"product","2":"type-product","3":"status-publish","4":"has-post-thumbnail","6":"product_cat-all-honey","7":"product_cat-new-mexico-honey","8":"product_cat-raw-honey","9":"product_cat-sale","10":"product_tag-raw-honey","11":"product_shipping_class-shipping-standard","13":"first","14":"instock","15":"sale","16":"shipping-taxable","17":"purchasable","18":"product-type-variable","19":"has-default-attributes"},"jetpack_sharing_enabled":true,"_links":{"self":[{"href":"https:\/\/adazhoney.com\/es\/wp-json\/wp\/v2\/product\/14011","targetHints":{"allow":["GET"]}}],"collection":[{"href":"https:\/\/adazhoney.com\/es\/wp-json\/wp\/v2\/product"}],"about":[{"href":"https:\/\/adazhoney.com\/es\/wp-json\/wp\/v2\/types\/product"}],"replies":[{"embeddable":true,"href":"https:\/\/adazhoney.com\/es\/wp-json\/wp\/v2\/comments?post=14011"}],"version-history":[{"count":9,"href":"https:\/\/adazhoney.com\/es\/wp-json\/wp\/v2\/product\/14011\/revisions"}],"predecessor-version":[{"id":15190,"href":"https:\/\/adazhoney.com\/es\/wp-json\/wp\/v2\/product\/14011\/revisions\/15190"}],"wp:featuredmedia":[{"embeddable":true,"href":"https:\/\/adazhoney.com\/es\/wp-json\/wp\/v2\/media\/14018"}],"wp:attachment":[{"href":"https:\/\/adazhoney.com\/es\/wp-json\/wp\/v2\/media?parent=14011"}],"wp:term":[{"taxonomy":"product_brand","embeddable":true,"href":"https:\/\/adazhoney.com\/es\/wp-json\/wp\/v2\/product_brand?post=14011"},{"taxonomy":"product_cat","embeddable":true,"href":"https:\/\/adazhoney.com\/es\/wp-json\/wp\/v2\/product_cat?post=14011"},{"taxonomy":"product_tag","embeddable":true,"href":"https:\/\/adazhoney.com\/es\/wp-json\/wp\/v2\/product_tag?post=14011"}],"curies":[{"name":"wp","href":"https:\/\/api.w.org\/{rel}","templated":true}]}}