{"id":13650,"date":"2024-06-29T11:26:19","date_gmt":"2024-06-29T18:26:19","guid":{"rendered":"https:\/\/adazhoney.com\/?post_type=product&#038;p=13650"},"modified":"2025-02-11T11:20:44","modified_gmt":"2025-02-11T18:20:44","slug":"cinnamon-golden-creme-honey","status":"publish","type":"product","link":"https:\/\/adazhoney.com\/es\/producto\/cinnamon-golden-creme-honey\/","title":{"rendered":"Crema dorada de canela Miel"},"content":{"rendered":"<p>Del\u00e9itese con los sabores c\u00e1lidos y acogedores de nuestra Miel Cremosa Dorada con Canela. Combina la mejor miel local de Arizona con la esencia de la canela, creando una textura suave y cremosa que a\u00f1ade un toque de lujo a cada degustaci\u00f3n. Nuestra miel procede de las flores silvestres de Arizona, donde las abejas recolectan diligentemente el n\u00e9ctar para producir una miel dorada deliciosamente dulce. Nuestra miel Cinnamon Golden Creme captura el esplendor natural del desierto de Arizona, ofreciendo una dulzura aterciopelada sin l\u00e1cteos y elaborada con ingredientes totalmente naturales.<\/p>\n<p>La miel Cinnamon Golden Creme se elabora cuidadosamente para garantizar una experiencia siempre suave. La infusi\u00f3n de canela aporta una deliciosa calidez y un toque picante que complementa a la perfecci\u00f3n el rico dulzor natural de la miel. Tanto si la a\u00f1ade a su caf\u00e9 matutino como si la unta en una rebanada de pan fresco o la utiliza para realzar sus recetas favoritas, esta miel aporta calidez y estilo a cualquier creaci\u00f3n culinaria.<\/p>\n<p>Ideal tanto para el disfrute diario como para la cocina gourmet, Cinnamon Golden Creme Honey aporta un toque refinado a su cocina. Su armoniosa mezcla de canela picante y miel cremosa la convierte en un complemento vers\u00e1til tanto para platos dulces como salados. Imag\u00ednesela como llovizna sobre manzanas asadas, como edulcorante para infusiones o como lujosa cobertura para la avena del desayuno.<\/p>\n<p>Cada tarro de miel Cinnamon Golden Creme refleja nuestro compromiso con la calidad y nuestra pasi\u00f3n por la artesan\u00eda. Es una celebraci\u00f3n de la belleza natural de Arizona y de las deliciosas posibilidades que ofrece la combinaci\u00f3n de los mejores ingredientes de la naturaleza. Tanto si la comparte con sus seres queridos como si se da un capricho, esta miel promete un delicioso viaje de sabor y textura.<\/p>\n<p>\u00a1Pruebe esta exquisita mezcla! Saboree el armonioso complemento de la c\u00e1lida canela y la deliciosa miel de Arizona, y deje que esta excepcional delicia aporte un toque de elegancia a su mesa.<\/p>","protected":false},"excerpt":{"rendered":"<p>La infusi\u00f3n de canela aporta una deliciosa calidez y un toque picante que complementa a la perfecci\u00f3n el rico dulzor natural de la miel. Esta miel a\u00f1ade un toque sofisticado a cualquier creaci\u00f3n culinaria, ya sea mezcl\u00e1ndola con el caf\u00e9 de la ma\u00f1ana, unt\u00e1ndola en una rebanada de pan fresco o utiliz\u00e1ndola para realzar sus recetas favoritas.<\/p>","protected":false},"featured_media":13627,"comment_status":"open","ping_status":"closed","template":"","meta":[],"product_brand":[],"product_cat":[831,1417,188],"product_tag":[],"class_list":{"0":"post-13650","1":"product","2":"type-product","3":"status-publish","4":"has-post-thumbnail","6":"product_cat-all-honey","7":"product_cat-golden-creme","8":"product_cat-whipped-honey","9":"product_shipping_class-shipping-standard","11":"first","12":"instock","13":"shipping-taxable","14":"purchasable","15":"product-type-variable","16":"has-default-attributes"},"jetpack_sharing_enabled":true,"_links":{"self":[{"href":"https:\/\/adazhoney.com\/es\/wp-json\/wp\/v2\/product\/13650","targetHints":{"allow":["GET"]}}],"collection":[{"href":"https:\/\/adazhoney.com\/es\/wp-json\/wp\/v2\/product"}],"about":[{"href":"https:\/\/adazhoney.com\/es\/wp-json\/wp\/v2\/types\/product"}],"replies":[{"embeddable":true,"href":"https:\/\/adazhoney.com\/es\/wp-json\/wp\/v2\/comments?post=13650"}],"version-history":[{"count":3,"href":"https:\/\/adazhoney.com\/es\/wp-json\/wp\/v2\/product\/13650\/revisions"}],"predecessor-version":[{"id":13671,"href":"https:\/\/adazhoney.com\/es\/wp-json\/wp\/v2\/product\/13650\/revisions\/13671"}],"wp:featuredmedia":[{"embeddable":true,"href":"https:\/\/adazhoney.com\/es\/wp-json\/wp\/v2\/media\/13627"}],"wp:attachment":[{"href":"https:\/\/adazhoney.com\/es\/wp-json\/wp\/v2\/media?parent=13650"}],"wp:term":[{"taxonomy":"product_brand","embeddable":true,"href":"https:\/\/adazhoney.com\/es\/wp-json\/wp\/v2\/product_brand?post=13650"},{"taxonomy":"product_cat","embeddable":true,"href":"https:\/\/adazhoney.com\/es\/wp-json\/wp\/v2\/product_cat?post=13650"},{"taxonomy":"product_tag","embeddable":true,"href":"https:\/\/adazhoney.com\/es\/wp-json\/wp\/v2\/product_tag?post=13650"}],"curies":[{"name":"wp","href":"https:\/\/api.w.org\/{rel}","templated":true}]}}