{"id":13647,"date":"2024-06-29T11:19:14","date_gmt":"2024-06-29T18:19:14","guid":{"rendered":"https:\/\/adazhoney.com\/?post_type=product&#038;p=13647"},"modified":"2026-03-16T18:27:14","modified_gmt":"2026-03-17T01:27:14","slug":"coconut-golden-creme-honey","status":"publish","type":"product","link":"https:\/\/adazhoney.com\/es\/producto\/coconut-golden-creme-honey\/","title":{"rendered":"Miel Crema Dorada de Coco"},"content":{"rendered":"<p>Sum\u00e9rjase en los sabores veraniegos de nuestra Miel de Coco Golden Creme. Esta deliciosa mezcla combina la mejor miel local de Arizona con la esencia tropical del coco, dando como resultado una textura suave y cremosa, perfecta para regalar sensaciones vacacionales en cada cucharada. Nuestra miel se recolecta de las flores silvestres locales de Arizona. Cada tarro de Miel de Coco Golden Creme captura los sabores naturales del desierto, proporcionando una dulzura aterciopelada sin l\u00e1cteos y elaborada con sabores totalmente naturales.<\/p>\n<p>Coconut Golden Creme Honey se elabora para garantizar una experiencia siempre suave y cremosa. La infusi\u00f3n de coco aporta un toque refrescante y tropical que complementa a la perfecci\u00f3n el rico dulzor natural de la miel. Ya sea roci\u00e1ndola sobre fruta fresca, mezcl\u00e1ndola en batidos o unt\u00e1ndola en tostadas, esta miel a\u00f1ade un toque de elegancia veraniega a cualquier plato.<\/p>\n<p>Ideal tanto para el disfrute diario como para creaciones gourmet, la Miel Crema Dorada de Coco es un complemento vers\u00e1til para su cocina. Su deliciosa mezcla de cremoso coco y exquisita miel la convierte en el maridaje perfecto para una gran variedad de delicias de temporada. Imag\u00ednesela como edulcorante para el t\u00e9 helado, como llovizna sobre la pi\u00f1a asada o como lujosa adici\u00f3n a sus c\u00f3cteles veraniegos favoritos.<\/p>\n<p>Cada tarro de Miel de Coco Golden Creme refleja nuestra dedicaci\u00f3n a la calidad y nuestra pasi\u00f3n por la artesan\u00eda. Es una celebraci\u00f3n de la belleza natural de Arizona y de las deliciosas posibilidades que ofrece la combinaci\u00f3n de los mejores ingredientes. Ya sea para compartirla con los amigos en una barbacoa de verano o para darse un capricho tropical, esta miel promete un delicioso viaje de sabor y textura.<\/p>\n<p>Pruebe esta miel excepcional y lleve a su mesa un toque del para\u00edso estival.<\/p>\n\n    <div class=\"xs_social_share_widget xs_share_url after_content \t\tmain_content  wslu-style-1 wslu-share-box-shaped wslu-fill-colored wslu-none wslu-share-horizontal wslu-theme-font-no wslu-main_content\">\n\n\t\t\n        <ul>\n\t\t\t        <\/ul>\n    <\/div>","protected":false},"excerpt":{"rendered":"<p>Coconut Golden Creme Honey se elabora para garantizar una experiencia siempre suave y cremosa. La infusi\u00f3n de coco aporta un toque refrescante y tropical que complementa a la perfecci\u00f3n el rico dulzor natural de la miel. Ya sea roci\u00e1ndola sobre fruta fresca, mezcl\u00e1ndola en batidos o unt\u00e1ndola en tostadas, esta miel a\u00f1ade un toque de elegancia veraniega a cualquier plato.<\/p>","protected":false},"featured_media":13629,"comment_status":"open","ping_status":"closed","template":"","meta":{"postBodyCss":"","postBodyMargin":[],"postBodyPadding":[],"postBodyBackground":{"backgroundType":"classic","gradient":""}},"product_brand":[],"product_cat":[831,1417,188],"product_tag":[],"class_list":{"0":"post-13647","1":"product","2":"type-product","3":"status-publish","4":"has-post-thumbnail","6":"product_cat-all-honey","7":"product_cat-golden-creme","8":"product_cat-whipped-honey","9":"product_shipping_class-shipping-standard","11":"first","12":"instock","13":"shipping-taxable","14":"purchasable","15":"product-type-variable","16":"has-default-attributes"},"jetpack_sharing_enabled":true,"_links":{"self":[{"href":"https:\/\/adazhoney.com\/es\/wp-json\/wp\/v2\/product\/13647","targetHints":{"allow":["GET"]}}],"collection":[{"href":"https:\/\/adazhoney.com\/es\/wp-json\/wp\/v2\/product"}],"about":[{"href":"https:\/\/adazhoney.com\/es\/wp-json\/wp\/v2\/types\/product"}],"replies":[{"embeddable":true,"href":"https:\/\/adazhoney.com\/es\/wp-json\/wp\/v2\/comments?post=13647"}],"version-history":[{"count":3,"href":"https:\/\/adazhoney.com\/es\/wp-json\/wp\/v2\/product\/13647\/revisions"}],"predecessor-version":[{"id":13674,"href":"https:\/\/adazhoney.com\/es\/wp-json\/wp\/v2\/product\/13647\/revisions\/13674"}],"wp:featuredmedia":[{"embeddable":true,"href":"https:\/\/adazhoney.com\/es\/wp-json\/wp\/v2\/media\/13629"}],"wp:attachment":[{"href":"https:\/\/adazhoney.com\/es\/wp-json\/wp\/v2\/media?parent=13647"}],"wp:term":[{"taxonomy":"product_brand","embeddable":true,"href":"https:\/\/adazhoney.com\/es\/wp-json\/wp\/v2\/product_brand?post=13647"},{"taxonomy":"product_cat","embeddable":true,"href":"https:\/\/adazhoney.com\/es\/wp-json\/wp\/v2\/product_cat?post=13647"},{"taxonomy":"product_tag","embeddable":true,"href":"https:\/\/adazhoney.com\/es\/wp-json\/wp\/v2\/product_tag?post=13647"}],"curies":[{"name":"wp","href":"https:\/\/api.w.org\/{rel}","templated":true}]}}