{"id":13644,"date":"2024-06-29T11:10:02","date_gmt":"2024-06-29T18:10:02","guid":{"rendered":"https:\/\/adazhoney.com\/?post_type=product&#038;p=13644"},"modified":"2025-02-11T11:23:35","modified_gmt":"2025-02-11T18:23:35","slug":"vanilla-golden-creme-honey","status":"publish","type":"product","link":"https:\/\/adazhoney.com\/es\/producto\/vanilla-golden-creme-honey\/","title":{"rendered":"Vainilla Golden Creme Miel"},"content":{"rendered":"<p>\u00bfNo tienes suficiente vainilla en tu vida? Tiene que probar nuestra Miel de Vainilla Golden Creme. Esta excepcional mezcla combina la mejor miel local de Arizona con la c\u00e1lida y acogedora esencia de la vainilla, creando un capricho cremoso y suave que transforma los momentos cotidianos en experiencias gourmet. Nuestra miel procede de los soleados valles de Arizona, donde las abejas recolectan el n\u00e9ctar de las flores silvestres locales. Cada tarro de miel Vanilla Golden Creme ofrece una dulzura realzada con un aroma de vainilla pura, totalmente natural y sin l\u00e1cteos.<\/p>\n<p>La Miel de Vainilla Golden Creme ofrece una textura siempre suave, que garantiza una deliciosa experiencia con cada cucharada. La infusi\u00f3n de vainilla introduce una nota rica y arom\u00e1tica que armoniza a la perfecci\u00f3n con el dulzor inherente de la miel. Roc\u00ede esta miel sobre sus postres favoritos, m\u00e9zclela con su batido matutino o \u00fantela en un bollo reci\u00e9n horneado, esta miel eleva cada bocado.<\/p>\n<p>Perfecta tanto para el disfrute diario como para creaciones sofisticadas, la Miel Crema Dorada Vainilla a\u00f1ade un toque de elegancia a cualquier receta. Su mezcla \u00fanica de vainilla cremosa y rica miel la convierte en un complemento vers\u00e1til para una amplia gama de platos.<\/p>","protected":false},"excerpt":{"rendered":"<p>La Miel de Vainilla Golden Creme ofrece una textura siempre suave, que garantiza una deliciosa experiencia con cada cucharada. La infusi\u00f3n de vainilla introduce una nota rica y arom\u00e1tica que armoniza a la perfecci\u00f3n con el dulzor inherente de la miel. Roc\u00ede esta miel sobre sus postres favoritos, m\u00e9zclela con su batido matutino o \u00fantela en un bollo reci\u00e9n horneado, esta miel eleva cada bocado.<\/p>","protected":false},"featured_media":13632,"comment_status":"open","ping_status":"closed","template":"","meta":[],"product_brand":[],"product_cat":[831,1417,188],"product_tag":[],"class_list":{"0":"post-13644","1":"product","2":"type-product","3":"status-publish","4":"has-post-thumbnail","6":"product_cat-all-honey","7":"product_cat-golden-creme","8":"product_cat-whipped-honey","9":"product_shipping_class-shipping-standard","11":"first","12":"instock","13":"shipping-taxable","14":"purchasable","15":"product-type-variable","16":"has-default-attributes"},"jetpack_sharing_enabled":true,"_links":{"self":[{"href":"https:\/\/adazhoney.com\/es\/wp-json\/wp\/v2\/product\/13644","targetHints":{"allow":["GET"]}}],"collection":[{"href":"https:\/\/adazhoney.com\/es\/wp-json\/wp\/v2\/product"}],"about":[{"href":"https:\/\/adazhoney.com\/es\/wp-json\/wp\/v2\/types\/product"}],"replies":[{"embeddable":true,"href":"https:\/\/adazhoney.com\/es\/wp-json\/wp\/v2\/comments?post=13644"}],"version-history":[{"count":3,"href":"https:\/\/adazhoney.com\/es\/wp-json\/wp\/v2\/product\/13644\/revisions"}],"predecessor-version":[{"id":13677,"href":"https:\/\/adazhoney.com\/es\/wp-json\/wp\/v2\/product\/13644\/revisions\/13677"}],"wp:featuredmedia":[{"embeddable":true,"href":"https:\/\/adazhoney.com\/es\/wp-json\/wp\/v2\/media\/13632"}],"wp:attachment":[{"href":"https:\/\/adazhoney.com\/es\/wp-json\/wp\/v2\/media?parent=13644"}],"wp:term":[{"taxonomy":"product_brand","embeddable":true,"href":"https:\/\/adazhoney.com\/es\/wp-json\/wp\/v2\/product_brand?post=13644"},{"taxonomy":"product_cat","embeddable":true,"href":"https:\/\/adazhoney.com\/es\/wp-json\/wp\/v2\/product_cat?post=13644"},{"taxonomy":"product_tag","embeddable":true,"href":"https:\/\/adazhoney.com\/es\/wp-json\/wp\/v2\/product_tag?post=13644"}],"curies":[{"name":"wp","href":"https:\/\/api.w.org\/{rel}","templated":true}]}}