{"id":13638,"date":"2024-06-29T09:36:52","date_gmt":"2024-06-29T16:36:52","guid":{"rendered":"https:\/\/adazhoney.com\/?post_type=product&#038;p=13638"},"modified":"2025-02-11T11:24:30","modified_gmt":"2025-02-11T18:24:30","slug":"ginger-golden-creme-honey","status":"publish","type":"product","link":"https:\/\/adazhoney.com\/es\/producto\/ginger-golden-creme-honey\/","title":{"rendered":"Jengibre Crema Dorada Miel"},"content":{"rendered":"<p>Despierte sus sentidos cada ma\u00f1ana con nuestra animada Miel de Jengibre Golden Creme. Saboree la mejor miel local de Arizona mezclada con la sabrosa calidez del jengibre, dando como resultado una delicia suave y cremosa que a\u00f1ade un toque de calidez y especias a cada bocado. Cada tarro de Ginger Golden Creme Honey captura los radiantes sabores de las flores silvestres de Arizona combinados con el vibrante sabor del jengibre natural.<\/p>\n<p>Elaborada con esmero, la Miel Crema Dorada de Jengibre posee una textura suave y uniforme que proporciona una experiencia de lujo con cada cucharada. La infusi\u00f3n de jengibre aporta una nota viva y picante que complementa a la perfecci\u00f3n el rico dulzor de la miel. Ya sea mezcl\u00e1ndola con una taza de t\u00e9 caliente, roci\u00e1ndola sobre verduras asadas o unt\u00e1ndola en una rebanada de pan caliente, esta miel a\u00f1ade un toque din\u00e1mico a cualquier plato.<\/p>\n<p>Ideal tanto para el disfrute diario como para la experimentaci\u00f3n culinaria, la Miel Cremosa Dorada de Jengibre aporta un toque refinado a su cocina. Su combinaci\u00f3n \u00fanica de miel cremosa y jengibre picante la convierte en un complemento vers\u00e1til para diversas recetas. Imag\u00ednesela como glaseado para carnes a la parrilla, como edulcorante para adobos o como deliciosa cobertura para parfaits de frutas.<\/p>\n\n    <div class=\"xs_social_share_widget xs_share_url after_content \t\tmain_content  wslu-style-1 wslu-share-box-shaped wslu-fill-colored wslu-none wslu-share-horizontal wslu-theme-font-no wslu-main_content\">\n\n\t\t\n        <ul>\n\t\t\t        <\/ul>\n    <\/div>","protected":false},"excerpt":{"rendered":"<p>La infusi\u00f3n de jengibre introduce una nota viva y picante que complementa a la perfecci\u00f3n el rico dulzor de la miel. Tanto si la mezclas con una taza de t\u00e9 caliente, la roc\u00edas sobre verduras asadas o la untas en una rebanada de pan caliente, esta miel a\u00f1ade un toque din\u00e1mico a cualquier plato.<\/p>","protected":false},"featured_media":13631,"comment_status":"open","ping_status":"closed","template":"","meta":{"postBodyCss":"","postBodyMargin":[],"postBodyPadding":[],"postBodyBackground":{"backgroundType":"classic","gradient":""}},"product_brand":[],"product_cat":[831,1417,188],"product_tag":[],"class_list":{"0":"post-13638","1":"product","2":"type-product","3":"status-publish","4":"has-post-thumbnail","6":"product_cat-all-honey","7":"product_cat-golden-creme","8":"product_cat-whipped-honey","9":"product_shipping_class-shipping-standard","11":"first","12":"instock","13":"shipping-taxable","14":"purchasable","15":"product-type-variable"},"jetpack_sharing_enabled":true,"_links":{"self":[{"href":"https:\/\/adazhoney.com\/es\/wp-json\/wp\/v2\/product\/13638","targetHints":{"allow":["GET"]}}],"collection":[{"href":"https:\/\/adazhoney.com\/es\/wp-json\/wp\/v2\/product"}],"about":[{"href":"https:\/\/adazhoney.com\/es\/wp-json\/wp\/v2\/types\/product"}],"replies":[{"embeddable":true,"href":"https:\/\/adazhoney.com\/es\/wp-json\/wp\/v2\/comments?post=13638"}],"version-history":[{"count":3,"href":"https:\/\/adazhoney.com\/es\/wp-json\/wp\/v2\/product\/13638\/revisions"}],"predecessor-version":[{"id":13679,"href":"https:\/\/adazhoney.com\/es\/wp-json\/wp\/v2\/product\/13638\/revisions\/13679"}],"wp:featuredmedia":[{"embeddable":true,"href":"https:\/\/adazhoney.com\/es\/wp-json\/wp\/v2\/media\/13631"}],"wp:attachment":[{"href":"https:\/\/adazhoney.com\/es\/wp-json\/wp\/v2\/media?parent=13638"}],"wp:term":[{"taxonomy":"product_brand","embeddable":true,"href":"https:\/\/adazhoney.com\/es\/wp-json\/wp\/v2\/product_brand?post=13638"},{"taxonomy":"product_cat","embeddable":true,"href":"https:\/\/adazhoney.com\/es\/wp-json\/wp\/v2\/product_cat?post=13638"},{"taxonomy":"product_tag","embeddable":true,"href":"https:\/\/adazhoney.com\/es\/wp-json\/wp\/v2\/product_tag?post=13638"}],"curies":[{"name":"wp","href":"https:\/\/api.w.org\/{rel}","templated":true}]}}