{"id":13358,"date":"2024-01-13T11:55:30","date_gmt":"2024-01-13T18:55:30","guid":{"rendered":"https:\/\/adazhoney.com\/?post_type=product&#038;p=13358"},"modified":"2024-07-20T11:54:49","modified_gmt":"2024-07-20T18:54:49","slug":"flu-kit","status":"publish","type":"product","link":"https:\/\/adazhoney.com\/es\/producto\/flu-kit\/","title":{"rendered":"Kit antigripal"},"content":{"rendered":"<p>Alivie su sinusitis y si\u00e9ntase revitalizado con este delicioso kit antigripal. Nuestro kit viene con nuestra miel infusionada m\u00e1s vendida, dise\u00f1ada para reconfortarle a usted y a sus seres queridos durante la temporada de gripe. Cada kit viene con cuatro mieles infusionadas de 3 oz: miel infusionada de sa\u00faco, c\u00e1scara de lim\u00f3n, c\u00farcuma y naranja silvestre, y miel infusionada de pimienta de cayena. Por si fuera poco, tambi\u00e9n viene con una pastilla de prop\u00f3leo para aliviar el dolor de garganta, una bolsita de t\u00e9 ecol\u00f3gico, palitos de miel y un cacito de miel. \u00bfA que es dulce?<\/p>","protected":false},"excerpt":{"rendered":"<p>Combate la gripe este a\u00f1o con nuestro kit de miel contra la gripe. Viene con 4 tarros de 3 onzas de nuestras mieles infusionadas favoritas para cuando te sientas indispuesto: baya del sa\u00faco, c\u00e1scara de lim\u00f3n, c\u00farcuma, naranja y jengibre, y miel infusionada con pimienta de cayena. Tambi\u00e9n viene con una pastilla de miel de prop\u00f3leo, t\u00e9 org\u00e1nico, palitos de miel y el cuchar\u00f3n de miel m\u00e1s bonito que jam\u00e1s hayas visto.<\/p>","protected":false},"featured_media":13359,"comment_status":"open","ping_status":"closed","template":"","meta":[],"product_brand":[],"product_cat":[831,263],"product_tag":[],"class_list":{"0":"post-13358","1":"product","2":"type-product","3":"status-publish","4":"has-post-thumbnail","6":"product_cat-all-honey","7":"product_cat-infused-honey","8":"product_shipping_class-shipping-standard","10":"first","11":"outofstock","12":"shipping-taxable","13":"purchasable","14":"product-type-simple"},"jetpack_sharing_enabled":true,"_links":{"self":[{"href":"https:\/\/adazhoney.com\/es\/wp-json\/wp\/v2\/product\/13358","targetHints":{"allow":["GET"]}}],"collection":[{"href":"https:\/\/adazhoney.com\/es\/wp-json\/wp\/v2\/product"}],"about":[{"href":"https:\/\/adazhoney.com\/es\/wp-json\/wp\/v2\/types\/product"}],"replies":[{"embeddable":true,"href":"https:\/\/adazhoney.com\/es\/wp-json\/wp\/v2\/comments?post=13358"}],"version-history":[{"count":4,"href":"https:\/\/adazhoney.com\/es\/wp-json\/wp\/v2\/product\/13358\/revisions"}],"predecessor-version":[{"id":13364,"href":"https:\/\/adazhoney.com\/es\/wp-json\/wp\/v2\/product\/13358\/revisions\/13364"}],"wp:featuredmedia":[{"embeddable":true,"href":"https:\/\/adazhoney.com\/es\/wp-json\/wp\/v2\/media\/13359"}],"wp:attachment":[{"href":"https:\/\/adazhoney.com\/es\/wp-json\/wp\/v2\/media?parent=13358"}],"wp:term":[{"taxonomy":"product_brand","embeddable":true,"href":"https:\/\/adazhoney.com\/es\/wp-json\/wp\/v2\/product_brand?post=13358"},{"taxonomy":"product_cat","embeddable":true,"href":"https:\/\/adazhoney.com\/es\/wp-json\/wp\/v2\/product_cat?post=13358"},{"taxonomy":"product_tag","embeddable":true,"href":"https:\/\/adazhoney.com\/es\/wp-json\/wp\/v2\/product_tag?post=13358"}],"curies":[{"name":"wp","href":"https:\/\/api.w.org\/{rel}","templated":true}]}}