{"id":13181,"date":"2023-11-11T09:38:41","date_gmt":"2023-11-11T16:38:41","guid":{"rendered":"https:\/\/adazhoney.com\/?post_type=product&#038;p=13181"},"modified":"2026-04-14T12:49:08","modified_gmt":"2026-04-14T19:49:08","slug":"plastic-hourglass-12oz","status":"publish","type":"product","link":"https:\/\/adazhoney.com\/es\/producto\/plastic-hourglass-12oz\/","title":{"rendered":"Reloj de arena de pl\u00e1stico (12 oz)"},"content":{"rendered":"<p>Este frasco de pl\u00e1stico facilita enormemente la distribuci\u00f3n de la miel. Es ideal para dosificar la miel al cocinar y evitar que quede pegajosa.<\/p>\n<p>Sin embargo, recuerde que vendemos miel cruda, lo que significa que la miel contenida en el tarro de pl\u00e1stico se cristalizar\u00e1 (espesar\u00e1) con el tiempo, o puede estar ya en proceso de cristalizaci\u00f3n dependiendo de la \u00e9poca del a\u00f1o en que la pida.<\/p>\n<p>Si desea aprovechar al m\u00e1ximo su miel, le recomendamos comprar nuestra miel cruda en tarros de cristal.<\/p>","protected":false},"excerpt":{"rendered":"<p>This 12oz \u00a0squeezable honey jar is convenient for getting the most out of your raw Arizona honey. It contains \u00a0Arizona&#8217;s finest Desert Flower honey harvested from Queen Creek and Mesa areas, and is typically in stock year round.<\/p>","protected":false},"featured_media":15135,"comment_status":"open","ping_status":"closed","template":"","meta":[],"product_brand":[],"product_cat":[831,1304],"product_tag":[1316,1330,1314,195,16],"class_list":{"0":"post-13181","1":"product","2":"type-product","3":"status-publish","4":"has-post-thumbnail","6":"product_cat-all-honey","7":"product_cat-raw-honey-plastic","8":"product_tag-honey-for-allergies","9":"product_tag-liquid","10":"product_tag-raw-honey","11":"product_tag-squeezeable","12":"product_tag-wild-flower","13":"product_shipping_class-shipping-standard","15":"first","16":"instock","17":"shipping-taxable","18":"purchasable","19":"product-type-simple"},"jetpack_sharing_enabled":true,"_links":{"self":[{"href":"https:\/\/adazhoney.com\/es\/wp-json\/wp\/v2\/product\/13181","targetHints":{"allow":["GET"]}}],"collection":[{"href":"https:\/\/adazhoney.com\/es\/wp-json\/wp\/v2\/product"}],"about":[{"href":"https:\/\/adazhoney.com\/es\/wp-json\/wp\/v2\/types\/product"}],"replies":[{"embeddable":true,"href":"https:\/\/adazhoney.com\/es\/wp-json\/wp\/v2\/comments?post=13181"}],"version-history":[{"count":3,"href":"https:\/\/adazhoney.com\/es\/wp-json\/wp\/v2\/product\/13181\/revisions"}],"predecessor-version":[{"id":15137,"href":"https:\/\/adazhoney.com\/es\/wp-json\/wp\/v2\/product\/13181\/revisions\/15137"}],"wp:featuredmedia":[{"embeddable":true,"href":"https:\/\/adazhoney.com\/es\/wp-json\/wp\/v2\/media\/15135"}],"wp:attachment":[{"href":"https:\/\/adazhoney.com\/es\/wp-json\/wp\/v2\/media?parent=13181"}],"wp:term":[{"taxonomy":"product_brand","embeddable":true,"href":"https:\/\/adazhoney.com\/es\/wp-json\/wp\/v2\/product_brand?post=13181"},{"taxonomy":"product_cat","embeddable":true,"href":"https:\/\/adazhoney.com\/es\/wp-json\/wp\/v2\/product_cat?post=13181"},{"taxonomy":"product_tag","embeddable":true,"href":"https:\/\/adazhoney.com\/es\/wp-json\/wp\/v2\/product_tag?post=13181"}],"curies":[{"name":"wp","href":"https:\/\/api.w.org\/{rel}","templated":true}]}}