{"id":12385,"date":"2022-11-26T10:04:19","date_gmt":"2022-11-26T17:04:19","guid":{"rendered":"https:\/\/adazhoney.com\/?post_type=product&#038;p=12385"},"modified":"2026-03-23T13:13:33","modified_gmt":"2026-03-23T20:13:33","slug":"sweet-carolina-reaper","status":"publish","type":"product","link":"https:\/\/adazhoney.com\/es\/producto\/sweet-carolina-reaper\/","title":{"rendered":"Sweet Carolina Reaper Hot Honey"},"content":{"rendered":"<p>Si eres un fan\u00e1tico del sabor picante, esta miel es para ti. Pruebe la dulce miel Carolina Reaper rociada sobre pan de ma\u00edz, alitas de pollo empanadas, sobras de pavo de Acci\u00f3n de Gracias o jam\u00f3n de Navidad para darle un toque picante y dulce. Esta miel es la m\u00e1s picante que ofrecemos. Si cree que el jalape\u00f1o es picante, \u00a1esta miel no es para usted!<\/p>","protected":false},"excerpt":{"rendered":"<p>If you&#8217;re a heat seeking flavor fanatic, this honey is for you. Try the sweet Carolina reaper honey drizzled over cornbread, breaded chicken wings, leftover thanksgiving turkey or Christmas ham for a spicy and sweet kick! This honey is the hottest honey that we offer. If you think jalape\u00f1o is hot, this honey is not [&hellip;]<\/p>\n","protected":false},"featured_media":12362,"comment_status":"open","ping_status":"closed","template":"","meta":[],"product_brand":[],"product_cat":[831,1403],"product_tag":[],"class_list":{"0":"post-12385","1":"product","2":"type-product","3":"status-publish","4":"has-post-thumbnail","6":"product_cat-all-honey","7":"product_cat-hot-honey","9":"first","10":"instock","11":"shipping-taxable","12":"purchasable","13":"product-type-variable"},"jetpack_sharing_enabled":true,"_links":{"self":[{"href":"https:\/\/adazhoney.com\/es\/wp-json\/wp\/v2\/product\/12385","targetHints":{"allow":["GET"]}}],"collection":[{"href":"https:\/\/adazhoney.com\/es\/wp-json\/wp\/v2\/product"}],"about":[{"href":"https:\/\/adazhoney.com\/es\/wp-json\/wp\/v2\/types\/product"}],"replies":[{"embeddable":true,"href":"https:\/\/adazhoney.com\/es\/wp-json\/wp\/v2\/comments?post=12385"}],"version-history":[{"count":2,"href":"https:\/\/adazhoney.com\/es\/wp-json\/wp\/v2\/product\/12385\/revisions"}],"predecessor-version":[{"id":15046,"href":"https:\/\/adazhoney.com\/es\/wp-json\/wp\/v2\/product\/12385\/revisions\/15046"}],"wp:featuredmedia":[{"embeddable":true,"href":"https:\/\/adazhoney.com\/es\/wp-json\/wp\/v2\/media\/12362"}],"wp:attachment":[{"href":"https:\/\/adazhoney.com\/es\/wp-json\/wp\/v2\/media?parent=12385"}],"wp:term":[{"taxonomy":"product_brand","embeddable":true,"href":"https:\/\/adazhoney.com\/es\/wp-json\/wp\/v2\/product_brand?post=12385"},{"taxonomy":"product_cat","embeddable":true,"href":"https:\/\/adazhoney.com\/es\/wp-json\/wp\/v2\/product_cat?post=12385"},{"taxonomy":"product_tag","embeddable":true,"href":"https:\/\/adazhoney.com\/es\/wp-json\/wp\/v2\/product_tag?post=12385"}],"curies":[{"name":"wp","href":"https:\/\/api.w.org\/{rel}","templated":true}]}}