{"id":12037,"date":"2022-07-02T10:28:32","date_gmt":"2022-07-02T17:28:32","guid":{"rendered":"https:\/\/adazhoney.com\/?post_type=product&#038;p=12037"},"modified":"2025-05-26T09:22:16","modified_gmt":"2025-05-26T16:22:16","slug":"flagstaff-goldeneye","status":"publish","type":"product","link":"https:\/\/adazhoney.com\/es\/producto\/flagstaff-goldeneye\/","title":{"rendered":"Flagstaff Goldeneye"},"content":{"rendered":"<p>Esta miel \u00fanica y vibrante se recolect\u00f3 en Flagstaff, Arizona. Su coloraci\u00f3n \u00fanica proviene de una combinaci\u00f3n del n\u00e9ctar de la flor de goldeneye y la cristalizaci\u00f3n de la miel. La Flagstaff Goldeneye es una miel cristalizada espesa y dulce, muy similar a nuestra popular miel de Camelthorn.<\/p>","protected":false},"excerpt":{"rendered":"<p>Esta miel \u00fanica y vibrante se recolect\u00f3 en Flagstaff, Arizona. Su coloraci\u00f3n \u00fanica proviene de una combinaci\u00f3n del n\u00e9ctar de la flor de goldeneye y la cristalizaci\u00f3n de la miel. La Flagstaff Goldeneye es una miel cristalizada espesa y dulce, muy similar a nuestra popular miel de Camelthorn.<\/p>","protected":false},"featured_media":12043,"comment_status":"open","ping_status":"closed","template":"","meta":[],"product_brand":[],"product_cat":[831,1303],"product_tag":[],"class_list":{"0":"post-12037","1":"product","2":"type-product","3":"status-publish","4":"has-post-thumbnail","6":"product_cat-all-honey","7":"product_cat-raw-honey","9":"first","10":"instock","11":"shipping-taxable","12":"purchasable","13":"product-type-variable"},"jetpack_sharing_enabled":true,"_links":{"self":[{"href":"https:\/\/adazhoney.com\/es\/wp-json\/wp\/v2\/product\/12037","targetHints":{"allow":["GET"]}}],"collection":[{"href":"https:\/\/adazhoney.com\/es\/wp-json\/wp\/v2\/product"}],"about":[{"href":"https:\/\/adazhoney.com\/es\/wp-json\/wp\/v2\/types\/product"}],"replies":[{"embeddable":true,"href":"https:\/\/adazhoney.com\/es\/wp-json\/wp\/v2\/comments?post=12037"}],"version-history":[{"count":2,"href":"https:\/\/adazhoney.com\/es\/wp-json\/wp\/v2\/product\/12037\/revisions"}],"predecessor-version":[{"id":14142,"href":"https:\/\/adazhoney.com\/es\/wp-json\/wp\/v2\/product\/12037\/revisions\/14142"}],"wp:featuredmedia":[{"embeddable":true,"href":"https:\/\/adazhoney.com\/es\/wp-json\/wp\/v2\/media\/12043"}],"wp:attachment":[{"href":"https:\/\/adazhoney.com\/es\/wp-json\/wp\/v2\/media?parent=12037"}],"wp:term":[{"taxonomy":"product_brand","embeddable":true,"href":"https:\/\/adazhoney.com\/es\/wp-json\/wp\/v2\/product_brand?post=12037"},{"taxonomy":"product_cat","embeddable":true,"href":"https:\/\/adazhoney.com\/es\/wp-json\/wp\/v2\/product_cat?post=12037"},{"taxonomy":"product_tag","embeddable":true,"href":"https:\/\/adazhoney.com\/es\/wp-json\/wp\/v2\/product_tag?post=12037"}],"curies":[{"name":"wp","href":"https:\/\/api.w.org\/{rel}","templated":true}]}}