{"id":11447,"date":"2021-11-19T21:03:19","date_gmt":"2021-11-20T04:03:19","guid":{"rendered":"https:\/\/adazhoney.com\/?post_type=product&#038;p=11447"},"modified":"2025-06-26T12:10:00","modified_gmt":"2025-06-26T19:10:00","slug":"ahwatukee-alfalfa","status":"publish","type":"product","link":"https:\/\/adazhoney.com\/es\/producto\/ahwatukee-alfalfa\/","title":{"rendered":"Alfalfa de Ahwatukee"},"content":{"rendered":"<p>\u00bfLe gusta la miel de color oscuro y sabor intenso? Si es as\u00ed, \u00e9sta es su miel. La miel de alfalfa de Ahwatukee se cosech\u00f3 en <a href=\"https:\/\/en.wikipedia.org\/wiki\/Ahwatukee,_Phoenix\">Ahwatukee, Phoenix<\/a> zona. Tiene un sabor mucho m\u00e1s suave en comparaci\u00f3n con un <a href=\"https:\/\/www.geesbees.ca\/post\/is-buckwheat-honey-better-than-manuka-honey\">miel de alforf\u00f3n<\/a>. Sin embargo, nos parece que sigue siendo una miel oscura y deliciosa. Si quieres probar algo nuevo, es una gran alternativa a las variedades m\u00e1s ligeras y dulces que puedes encontrar aqu\u00ed en Arizona.<\/p>\n<p><a href=\"https:\/\/www.gardeningknowhow.com\/edible\/vegetables\/alfalfa\/growing-alfalfa.htm\">Alfalfa<\/a> es el cultivo principal que polinizaban las abejas cuando recolectaron esta miel. Como ya se ha mencionado, esta miel tiene una coloraci\u00f3n m\u00e1s oscura y un sabor fuerte y dulce. Si la compara con nuestra popular <a href=\"https:\/\/adazhoney.com\/es\/producto\/desert-wild-flower-honey\/\">miel de flores silvestres del desierto<\/a> de Buckeye, esta miel tiene un color ligeramente m\u00e1s oscuro. Comp\u00e1rela con nuestra <a href=\"https:\/\/adazhoney.com\/es\/producto\/orange-blossom\/\">miel de azahar<\/a> para hacerse una idea de su coloraci\u00f3n. La cristalizaci\u00f3n de esta variedad var\u00eda de l\u00edquida a granulada. El sabor de esta miel es excelente para elaborar productos horneados o para utilizarla como edulcorante en el caf\u00e9. Tambi\u00e9n puede mezclar la miel de alfalfa de Ahwatukee en un glaseado o en una salsa barbacoa para obtener excelentes resultados.<\/p>\n<p>El cultivo de alfalfa tiene una flor morada y puede ser una excelente fuente de nitr\u00f3geno. Esta miel fue recolectada por el apicultor Julio S\u00e1nchez.<\/p>","protected":false},"excerpt":{"rendered":"<p>La miel de alfalfa de Ahwatukee se cosech\u00f3 en <a href=\"https:\/\/en.wikipedia.org\/wiki\/Ahwatukee,_Phoenix\">Ahwatukee, Phoenix<\/a> zona. <a href=\"https:\/\/www.gardeningknowhow.com\/edible\/vegetables\/alfalfa\/growing-alfalfa.htm\">Alfalfa<\/a> es el cultivo principal que polinizaban las abejas cuando recolectaron esta miel. La miel tiene una coloraci\u00f3n m\u00e1s oscura y un sabor dulce suave. La cristalizaci\u00f3n de esta variedad var\u00eda de l\u00edquida a granulada. El sabor de esta miel es excelente para elaborar productos horneados o para utilizarla como edulcorante en el caf\u00e9.<\/p>","protected":false},"featured_media":11460,"comment_status":"open","ping_status":"closed","template":"","meta":[],"product_brand":[],"product_cat":[831,1303],"product_tag":[1399,1400,1315,1314],"class_list":{"0":"post-11447","1":"product","2":"type-product","3":"status-publish","4":"has-post-thumbnail","6":"product_cat-all-honey","7":"product_cat-raw-honey","8":"product_tag-ahwatukee","9":"product_tag-alfalfa","10":"product_tag-dark-honey","11":"product_tag-raw-honey","12":"product_shipping_class-shipping-standard","14":"first","15":"instock","16":"shipping-taxable","17":"purchasable","18":"product-type-variable","19":"has-default-attributes"},"jetpack_sharing_enabled":true,"_links":{"self":[{"href":"https:\/\/adazhoney.com\/es\/wp-json\/wp\/v2\/product\/11447","targetHints":{"allow":["GET"]}}],"collection":[{"href":"https:\/\/adazhoney.com\/es\/wp-json\/wp\/v2\/product"}],"about":[{"href":"https:\/\/adazhoney.com\/es\/wp-json\/wp\/v2\/types\/product"}],"replies":[{"embeddable":true,"href":"https:\/\/adazhoney.com\/es\/wp-json\/wp\/v2\/comments?post=11447"}],"version-history":[{"count":4,"href":"https:\/\/adazhoney.com\/es\/wp-json\/wp\/v2\/product\/11447\/revisions"}],"predecessor-version":[{"id":14207,"href":"https:\/\/adazhoney.com\/es\/wp-json\/wp\/v2\/product\/11447\/revisions\/14207"}],"wp:featuredmedia":[{"embeddable":true,"href":"https:\/\/adazhoney.com\/es\/wp-json\/wp\/v2\/media\/11460"}],"wp:attachment":[{"href":"https:\/\/adazhoney.com\/es\/wp-json\/wp\/v2\/media?parent=11447"}],"wp:term":[{"taxonomy":"product_brand","embeddable":true,"href":"https:\/\/adazhoney.com\/es\/wp-json\/wp\/v2\/product_brand?post=11447"},{"taxonomy":"product_cat","embeddable":true,"href":"https:\/\/adazhoney.com\/es\/wp-json\/wp\/v2\/product_cat?post=11447"},{"taxonomy":"product_tag","embeddable":true,"href":"https:\/\/adazhoney.com\/es\/wp-json\/wp\/v2\/product_tag?post=11447"}],"curies":[{"name":"wp","href":"https:\/\/api.w.org\/{rel}","templated":true}]}}