{"id":11127,"date":"2021-11-03T05:52:55","date_gmt":"2021-11-03T12:52:55","guid":{"rendered":"https:\/\/adazhoney.com\/?post_type=product&#038;p=11127"},"modified":"2026-01-17T15:49:13","modified_gmt":"2026-01-17T22:49:13","slug":"cherry-sour","status":"publish","type":"product","link":"https:\/\/adazhoney.com\/es\/producto\/cherry-sour\/","title":{"rendered":"Cereza \u00e1cida"},"content":{"rendered":"<p>Esta no es una miel infusionada al uso. Esta combinaci\u00f3n de miel de cereza dulce y \u00e1cida har\u00e1 vibrar sus papilas gustativas. \u00bfLe gustan los sabores \u00e1cidos? \u00bfLe gusta la cereza? Esta miel \u00e1cida de cereza te est\u00e1 llamando. Pru\u00e9bela.<\/p>\n<p>Cherry Sour es uno de nuestros sabores m\u00e1s populares en las mieles infusionadas Bitter Bee. Esta miel infusionada tiene un impresionante sabor agridulce. Es un caramelo de miel infundida es un ganador en granola, rociado sobre galletas de mantequilla, o cuando se utiliza para hacer un jarabe simple para la limonada. Si te est\u00e1s preguntando \"\u00bfen qu\u00e9 usar\u00eda esto?\" - piensa en postres, <a href=\"https:\/\/adazhoney.com\/es\/honey-vanilla-lemonade\/\">limonada<\/a>ensaladas de frutas, spritzers y <a href=\"https:\/\/bluebowlrecipes.com\/5-minute-breakfast-parfaits-with-honey-granola-and-fruit\/\" target=\"_blank\" rel=\"noopener\">parfaits<\/a>.<\/p>\n<p>Si le gustan los sabores \u00e1cidos, pero quiz\u00e1 la cereza no sea su sabor favorito, pruebe nuestro <a href=\"https:\/\/adazhoney.com\/es\/producto\/apple-tart\/\">Tarta de manzana<\/a>, <a href=\"https:\/\/adazhoney.com\/es\/producto\/orange-creamsicle\/\">Crema de naranja<\/a> o <a href=\"https:\/\/adazhoney.com\/es\/producto\/peachy-keen\/\">Peachy Keen<\/a> Miel de abeja amarga en su lugar.<\/p>\n<p>&nbsp;<\/p>","protected":false},"excerpt":{"rendered":"<p>Esta no es una miel infusionada al uso. Esta combinaci\u00f3n de miel de cereza dulce y \u00e1cida har\u00e1 vibrar sus papilas gustativas. \u00bfLe gustan los sabores \u00e1cidos? \u00bfLe gusta la cereza? Esta miel \u00e1cida de cereza te est\u00e1 llamando. Pru\u00e9bela. Hemos utilizado miel cruda de flores silvestres del desierto y todos los ingredientes naturales para conseguir este delicioso sabor.<\/p>","protected":false},"featured_media":11196,"comment_status":"open","ping_status":"closed","template":"","meta":[],"product_brand":[],"product_cat":[1390,263],"product_tag":[],"class_list":{"0":"post-11127","1":"product","2":"type-product","3":"status-publish","4":"has-post-thumbnail","6":"product_cat-bitter-bee-honey","7":"product_cat-infused-honey","8":"product_shipping_class-shipping-standard","10":"first","11":"instock","12":"shipping-taxable","13":"purchasable","14":"product-type-variable"},"jetpack_sharing_enabled":true,"_links":{"self":[{"href":"https:\/\/adazhoney.com\/es\/wp-json\/wp\/v2\/product\/11127","targetHints":{"allow":["GET"]}}],"collection":[{"href":"https:\/\/adazhoney.com\/es\/wp-json\/wp\/v2\/product"}],"about":[{"href":"https:\/\/adazhoney.com\/es\/wp-json\/wp\/v2\/types\/product"}],"replies":[{"embeddable":true,"href":"https:\/\/adazhoney.com\/es\/wp-json\/wp\/v2\/comments?post=11127"}],"version-history":[{"count":4,"href":"https:\/\/adazhoney.com\/es\/wp-json\/wp\/v2\/product\/11127\/revisions"}],"predecessor-version":[{"id":13261,"href":"https:\/\/adazhoney.com\/es\/wp-json\/wp\/v2\/product\/11127\/revisions\/13261"}],"wp:featuredmedia":[{"embeddable":true,"href":"https:\/\/adazhoney.com\/es\/wp-json\/wp\/v2\/media\/11196"}],"wp:attachment":[{"href":"https:\/\/adazhoney.com\/es\/wp-json\/wp\/v2\/media?parent=11127"}],"wp:term":[{"taxonomy":"product_brand","embeddable":true,"href":"https:\/\/adazhoney.com\/es\/wp-json\/wp\/v2\/product_brand?post=11127"},{"taxonomy":"product_cat","embeddable":true,"href":"https:\/\/adazhoney.com\/es\/wp-json\/wp\/v2\/product_cat?post=11127"},{"taxonomy":"product_tag","embeddable":true,"href":"https:\/\/adazhoney.com\/es\/wp-json\/wp\/v2\/product_tag?post=11127"}],"curies":[{"name":"wp","href":"https:\/\/api.w.org\/{rel}","templated":true}]}}