{"id":11119,"date":"2021-11-03T05:50:37","date_gmt":"2021-11-03T12:50:37","guid":{"rendered":"https:\/\/adazhoney.com\/?post_type=product&#038;p=11119"},"modified":"2026-05-01T07:09:07","modified_gmt":"2026-05-01T14:09:07","slug":"peachy-keen-infused-honey","status":"publish","type":"product","link":"https:\/\/adazhoney.com\/es\/producto\/peachy-keen-infused-honey\/","title":{"rendered":"Peachy Keen Infused Honey"},"content":{"rendered":"<p>Si es la primera vez que prueba una de nuestras mieles infusionadas con abejas amargas, Peachy Keen le enganchar\u00e1. Es a la vez melocot\u00f3n y picante, con un sabor a melocot\u00f3n y c\u00edtricos que sabe a caramelo. Querr\u00e1 com\u00e9rsela directamente del tarro. Pero tambi\u00e9n te recomendamos que pruebes a rociarlo sobre tu yogur matutino, granola, gofres, o <a href=\"https:\/\/www.cookingclassy.com\/honey-lime-rainbow-fruit-salad\/\" target=\"_blank\" rel=\"noopener\">fruta fresca<\/a>.<\/p>\n<p>Al igual que nuestros otros sabores de miel de abeja amarga, este sabor a melocot\u00f3n viene con un toque \u00e1cido. Hemos infusionado nuestra popular flor silvestre cruda del desierto con sabores naturales y sin edulcorantes a\u00f1adidos.<\/p>\n<p>Si le gustan los sabores agridulces, pruebe tambi\u00e9n nuestro <a href=\"https:\/\/adazhoney.com\/es\/producto\/cherry-sour\/\">Cereza \u00e1cida<\/a>, <a href=\"https:\/\/adazhoney.com\/es\/producto\/lemongrass-tart\/\">Tarta de hierba lim\u00f3n<\/a> o <a href=\"https:\/\/adazhoney.com\/es\/producto\/orange-creamsicle\/\">Crema de naranja<\/a> sabores.<\/p>\n<p>&nbsp;<\/p>\n<p>&nbsp;<\/p>","protected":false},"excerpt":{"rendered":"<p>Esta es una de nuestras mezclas de abejas amargas m\u00e1s vendidas. La miel Peachy keen es a la vez melocot\u00f3n y ponche. Tiene un sabor a melocot\u00f3n y c\u00edtricos que sabe a caramelo. Va a querer com\u00e9rsela directamente del tarro, pero tambi\u00e9n le recomendamos que pruebe a rociarla sobre su yogur matutino, granola, gofres, o <a href=\"https:\/\/www.cookingclassy.com\/honey-lime-rainbow-fruit-salad\/\" target=\"_blank\" rel=\"noopener\">fruta fresca<\/a>.<\/p>\n<p>Al igual que nuestros otros sabores de miel de abeja amarga, este sabor a melocot\u00f3n viene con un toque \u00e1cido. Hemos infusionado nuestra popular flor silvestre cruda del desierto con sabores naturales y sin edulcorantes a\u00f1adidos.<\/p>","protected":false},"featured_media":11189,"comment_status":"open","ping_status":"closed","template":"","meta":[],"product_brand":[],"product_cat":[1390,263],"product_tag":[],"class_list":{"0":"post-11119","1":"product","2":"type-product","3":"status-publish","4":"has-post-thumbnail","6":"product_cat-bitter-bee-honey","7":"product_cat-infused-honey","8":"product_shipping_class-shipping-standard","10":"first","11":"instock","12":"shipping-taxable","13":"purchasable","14":"product-type-variable"},"jetpack_sharing_enabled":true,"_links":{"self":[{"href":"https:\/\/adazhoney.com\/es\/wp-json\/wp\/v2\/product\/11119","targetHints":{"allow":["GET"]}}],"collection":[{"href":"https:\/\/adazhoney.com\/es\/wp-json\/wp\/v2\/product"}],"about":[{"href":"https:\/\/adazhoney.com\/es\/wp-json\/wp\/v2\/types\/product"}],"replies":[{"embeddable":true,"href":"https:\/\/adazhoney.com\/es\/wp-json\/wp\/v2\/comments?post=11119"}],"version-history":[{"count":4,"href":"https:\/\/adazhoney.com\/es\/wp-json\/wp\/v2\/product\/11119\/revisions"}],"predecessor-version":[{"id":15248,"href":"https:\/\/adazhoney.com\/es\/wp-json\/wp\/v2\/product\/11119\/revisions\/15248"}],"wp:featuredmedia":[{"embeddable":true,"href":"https:\/\/adazhoney.com\/es\/wp-json\/wp\/v2\/media\/11189"}],"wp:attachment":[{"href":"https:\/\/adazhoney.com\/es\/wp-json\/wp\/v2\/media?parent=11119"}],"wp:term":[{"taxonomy":"product_brand","embeddable":true,"href":"https:\/\/adazhoney.com\/es\/wp-json\/wp\/v2\/product_brand?post=11119"},{"taxonomy":"product_cat","embeddable":true,"href":"https:\/\/adazhoney.com\/es\/wp-json\/wp\/v2\/product_cat?post=11119"},{"taxonomy":"product_tag","embeddable":true,"href":"https:\/\/adazhoney.com\/es\/wp-json\/wp\/v2\/product_tag?post=11119"}],"curies":[{"name":"wp","href":"https:\/\/api.w.org\/{rel}","templated":true}]}}