{"id":11115,"date":"2021-11-03T05:49:20","date_gmt":"2021-11-03T12:49:20","guid":{"rendered":"https:\/\/adazhoney.com\/?post_type=product&#038;p=11115"},"modified":"2026-05-02T07:41:39","modified_gmt":"2026-05-02T14:41:39","slug":"lemongrass-tart-infused-honey","status":"publish","type":"product","link":"https:\/\/adazhoney.com\/es\/producto\/lemongrass-tart-infused-honey\/","title":{"rendered":"Lemongrass Tart Infused Honey"},"content":{"rendered":"<p>Tarta de hierba lim\u00f3n: imag\u00ednese un sabor dulce a miel con el mordisco \u00e1cido de un lim\u00f3n fresco y el maravilloso aroma de la hierba lim\u00f3n. Eso es lo que encarna este sabor a miel de abeja amarga. La tarta de hierba lim\u00f3n es un complemento maravilloso para un t\u00e9 de desayuno o rociada sobre yogur. Su sabor es casi de caramelo, pero no le hemos a\u00f1adido az\u00facares ni ingredientes artificiales.<\/p>\n<p>La miel infusionada como la tarta de limoncillo puede utilizarse para un desayuno dulce, un postre, o mezclada con agua para formar un jarabe simple para un <a href=\"https:\/\/www.liquor.com\/recipes\/bees-knees\/\" target=\"_blank\" rel=\"noopener\">c\u00f3ctel bees knees<\/a>. Pruebe a rociar esta miel sobre fruta fresca con hojas de menta picadas. Esta miel infusionada contiene nuestra popular miel cruda de flores silvestres del desierto.<\/p>\n<p>Si le gustan los sabores agridulces, puede que tambi\u00e9n le guste su <a href=\"https:\/\/adazhoney.com\/es\/producto\/peachy-keen\/\" target=\"_blank\" rel=\"noopener\">Peachy Keen<\/a>, <a href=\"https:\/\/adazhoney.com\/es\/producto\/cherry-sour\/\" target=\"_blank\" rel=\"noopener\">Cereza \u00e1cida<\/a>o <a href=\"https:\/\/adazhoney.com\/es\/producto\/apple-tart\/\" target=\"_blank\" rel=\"noopener\">Tarta de manzana<\/a> sabores.<\/p>","protected":false},"excerpt":{"rendered":"<p>Imagine un sabor a miel dulce con el mordisco \u00e1cido de un lim\u00f3n fresco y el maravilloso aroma de la hierba lim\u00f3n. Eso es lo que encarna este sabor a miel de abeja amarga. La tarta de hierba lim\u00f3n es un complemento maravilloso para un t\u00e9 de desayuno o rociada sobre yogur. Su sabor es casi de caramelo, pero no le hemos a\u00f1adido az\u00facares ni ingredientes artificiales.<\/p>\n<p>La miel infusionada como la tarta de limoncillo puede utilizarse para un desayuno dulce, un postre, o mezclada con agua para formar un jarabe simple para un <a href=\"https:\/\/www.liquor.com\/recipes\/bees-knees\/\" target=\"_blank\" rel=\"noopener\">c\u00f3ctel bees knees<\/a>.<\/p>","protected":false},"featured_media":11190,"comment_status":"open","ping_status":"closed","template":"","meta":[],"product_brand":[],"product_cat":[1390,263],"product_tag":[],"class_list":{"0":"post-11115","1":"product","2":"type-product","3":"status-publish","4":"has-post-thumbnail","6":"product_cat-bitter-bee-honey","7":"product_cat-infused-honey","8":"product_shipping_class-shipping-standard","10":"first","11":"instock","12":"shipping-taxable","13":"purchasable","14":"product-type-variable"},"jetpack_sharing_enabled":true,"_links":{"self":[{"href":"https:\/\/adazhoney.com\/es\/wp-json\/wp\/v2\/product\/11115","targetHints":{"allow":["GET"]}}],"collection":[{"href":"https:\/\/adazhoney.com\/es\/wp-json\/wp\/v2\/product"}],"about":[{"href":"https:\/\/adazhoney.com\/es\/wp-json\/wp\/v2\/types\/product"}],"replies":[{"embeddable":true,"href":"https:\/\/adazhoney.com\/es\/wp-json\/wp\/v2\/comments?post=11115"}],"version-history":[{"count":4,"href":"https:\/\/adazhoney.com\/es\/wp-json\/wp\/v2\/product\/11115\/revisions"}],"predecessor-version":[{"id":15254,"href":"https:\/\/adazhoney.com\/es\/wp-json\/wp\/v2\/product\/11115\/revisions\/15254"}],"wp:featuredmedia":[{"embeddable":true,"href":"https:\/\/adazhoney.com\/es\/wp-json\/wp\/v2\/media\/11190"}],"wp:attachment":[{"href":"https:\/\/adazhoney.com\/es\/wp-json\/wp\/v2\/media?parent=11115"}],"wp:term":[{"taxonomy":"product_brand","embeddable":true,"href":"https:\/\/adazhoney.com\/es\/wp-json\/wp\/v2\/product_brand?post=11115"},{"taxonomy":"product_cat","embeddable":true,"href":"https:\/\/adazhoney.com\/es\/wp-json\/wp\/v2\/product_cat?post=11115"},{"taxonomy":"product_tag","embeddable":true,"href":"https:\/\/adazhoney.com\/es\/wp-json\/wp\/v2\/product_tag?post=11115"}],"curies":[{"name":"wp","href":"https:\/\/api.w.org\/{rel}","templated":true}]}}