{"id":11111,"date":"2021-11-03T05:47:22","date_gmt":"2021-11-03T12:47:22","guid":{"rendered":"https:\/\/adazhoney.com\/?post_type=product&#038;p=11111"},"modified":"2026-05-02T07:41:56","modified_gmt":"2026-05-02T14:41:56","slug":"apple-tart-infused-honey","status":"publish","type":"product","link":"https:\/\/adazhoney.com\/es\/producto\/apple-tart-infused-honey\/","title":{"rendered":"Apple Tart Infused Honey"},"content":{"rendered":"<p>Despu\u00e9s de probar esta miel infusionada con manzana \u00e1cida, se enamorar\u00e1 de nuestra miel \u00e1cida. Hemos infusionado esta miel con sabores naturales de manzana y c\u00edtricos. Es una delicia absoluta sobre la granola de la ma\u00f1ana, mezclada con un t\u00e9 de frutas o rociada sobre galletas saladas y queso. El sabor a manzana es pronunciado y refrescante. Combina muy bien con las notas agrias de los c\u00edtricos de la miel.<\/p>\n<p>En esta miel infusionada s\u00f3lo hemos utilizado aromas naturales. Y el \u00fanico edulcorante es miel de flores silvestres del desierto de Arizona. Algunos de nuestros clientes comparan el sabor de esta miel con el de las piruletas de caramelo de manzana.<\/p>","protected":false},"excerpt":{"rendered":"<p>La miel de abeja amarga Apple Tart es una aut\u00e9ntica delicia. Como todas nuestras variedades de miel de abeja amarga, esta miel infusionada tiene un toque dulce y \u00e1cido. Elaborada con ingredientes naturales, no se le han a\u00f1adido aromas ni edulcorantes artificiales.<\/p>","protected":false},"featured_media":11193,"comment_status":"open","ping_status":"closed","template":"","meta":[],"product_brand":[],"product_cat":[1390,263],"product_tag":[1396,542,1394,1395],"class_list":{"0":"post-11111","1":"product","2":"type-product","3":"status-publish","4":"has-post-thumbnail","6":"product_cat-bitter-bee-honey","7":"product_cat-infused-honey","8":"product_tag-apple-flavor","9":"product_tag-infused-honey","10":"product_tag-sour-honey","11":"product_tag-tart-honey","12":"product_shipping_class-shipping-standard","14":"first","15":"instock","16":"shipping-taxable","17":"purchasable","18":"product-type-variable"},"jetpack_sharing_enabled":true,"_links":{"self":[{"href":"https:\/\/adazhoney.com\/es\/wp-json\/wp\/v2\/product\/11111","targetHints":{"allow":["GET"]}}],"collection":[{"href":"https:\/\/adazhoney.com\/es\/wp-json\/wp\/v2\/product"}],"about":[{"href":"https:\/\/adazhoney.com\/es\/wp-json\/wp\/v2\/types\/product"}],"replies":[{"embeddable":true,"href":"https:\/\/adazhoney.com\/es\/wp-json\/wp\/v2\/comments?post=11111"}],"version-history":[{"count":7,"href":"https:\/\/adazhoney.com\/es\/wp-json\/wp\/v2\/product\/11111\/revisions"}],"predecessor-version":[{"id":15247,"href":"https:\/\/adazhoney.com\/es\/wp-json\/wp\/v2\/product\/11111\/revisions\/15247"}],"wp:featuredmedia":[{"embeddable":true,"href":"https:\/\/adazhoney.com\/es\/wp-json\/wp\/v2\/media\/11193"}],"wp:attachment":[{"href":"https:\/\/adazhoney.com\/es\/wp-json\/wp\/v2\/media?parent=11111"}],"wp:term":[{"taxonomy":"product_brand","embeddable":true,"href":"https:\/\/adazhoney.com\/es\/wp-json\/wp\/v2\/product_brand?post=11111"},{"taxonomy":"product_cat","embeddable":true,"href":"https:\/\/adazhoney.com\/es\/wp-json\/wp\/v2\/product_cat?post=11111"},{"taxonomy":"product_tag","embeddable":true,"href":"https:\/\/adazhoney.com\/es\/wp-json\/wp\/v2\/product_tag?post=11111"}],"curies":[{"name":"wp","href":"https:\/\/api.w.org\/{rel}","templated":true}]}}